{"id":2667,"date":"2024-03-09T14:51:07","date_gmt":"2024-03-09T13:51:07","guid":{"rendered":"https:\/\/rentsody.com\/?page_id=2667"},"modified":"2024-03-24T17:37:43","modified_gmt":"2024-03-24T16:37:43","slug":"solutions","status":"publish","type":"page","link":"https:\/\/rentsody.es\/es\/soluciones\/","title":{"rendered":"Soluciones"},"content":{"rendered":"<div data-elementor-type=\"wp-page\" data-elementor-id=\"2667\" class=\"elementor elementor-2667\" data-elementor-post-type=\"page\">\n\t\t\t\t\t\t<section class=\"elementor-section elementor-top-section elementor-element elementor-element-bb3ca92 elementor-section-boxed elementor-section-height-default elementor-section-height-default\" data-id=\"bb3ca92\" data-element_type=\"section\">\n\t\t\t\t\t\t<div class=\"elementor-container elementor-column-gap-default\">\n\t\t\t\t\t<div class=\"elementor-column elementor-col-100 elementor-top-column elementor-element elementor-element-8fef628\" data-id=\"8fef628\" data-element_type=\"column\">\n\t\t\t<div class=\"elementor-widget-wrap elementor-element-populated\">\n\t\t\t\t\t\t<div class=\"elementor-element elementor-element-e583fb7 eael-dual-header-content-align-center elementor-widget elementor-widget-eael-dual-color-header\" data-id=\"e583fb7\" data-element_type=\"widget\" data-widget_type=\"eael-dual-color-header.default\">\n\t\t\t\t<div class=\"elementor-widget-container\">\n\t\t\t\n\t\t        <div class=\"eael-dual-header\">\n\t\t\t\t<h2 class=\"title\">\n\t\t\t<span  class=\"lead solid-color\">Todo en uno <\/span>\n\t\t\t<span>soluci\u00f3n<\/span>\n\t\t<\/h2>\n\t\t\t\t<span class=\"subtext\"><\/span>\n\t\t\t\t\t<span class=\"eael-dch-svg-icon\"><\/span>\t\t\t\t<\/div>\n\t\n\t\t\n\t\t\n\t\t\n\t\t\t\t<\/div>\n\t\t\t\t<\/div>\n\t\t\t\t<div class=\"elementor-element elementor-element-b078d84 elementor-widget elementor-widget-text-editor\" data-id=\"b078d84\" data-element_type=\"widget\" data-widget_type=\"text-editor.default\">\n\t\t\t\t<div class=\"elementor-widget-container\">\n\t\t\t<style>\/*! elementor - v3.22.0 - 24-06-2024 *\/\n.elementor-widget-text-editor.elementor-drop-cap-view-stacked .elementor-drop-cap{background-color:#69727d;color:#fff}.elementor-widget-text-editor.elementor-drop-cap-view-framed .elementor-drop-cap{color:#69727d;border:3px solid;background-color:transparent}.elementor-widget-text-editor:not(.elementor-drop-cap-view-default) .elementor-drop-cap{margin-top:8px}.elementor-widget-text-editor:not(.elementor-drop-cap-view-default) .elementor-drop-cap-letter{width:1em;height:1em}.elementor-widget-text-editor .elementor-drop-cap{float:left;text-align:center;line-height:1;font-size:50px}.elementor-widget-text-editor .elementor-drop-cap-letter{display:inline-block}<\/style>\t\t\t\t<p>Experimenta la grandeza en la gesti\u00f3n de alquileres vacacionales con Rentsody. Nuestras caracter\u00edsticas excepcionales, desde la gesti\u00f3n de propiedades hasta la integraci\u00f3n de IoT, automatizaciones, caja unificada, creador de sitios web, experiencia del hu\u00e9sped, procesamiento de pagos y estad\u00edsticas y KPI. Eleva tus alquileres sin esfuerzo con la soluci\u00f3n todo en uno de Rentsody.<\/p>\t\t\t\t\t\t<\/div>\n\t\t\t\t<\/div>\n\t\t\t\t<section class=\"elementor-section elementor-inner-section elementor-element elementor-element-8dfc28d box-size elementor-section-boxed elementor-section-height-default elementor-section-height-default\" data-id=\"8dfc28d\" data-element_type=\"section\" data-settings=\"{&quot;background_background&quot;:&quot;classic&quot;}\">\n\t\t\t\t\t\t\t<div class=\"elementor-background-overlay\"><\/div>\n\t\t\t\t\t\t\t<div class=\"elementor-container elementor-column-gap-default\">\n\t\t\t\t\t<div data-eael-wrapper-link=\"{&quot;url&quot;:&quot;https:\\\/\\\/rentsody.es\\\/property-management\\\/&quot;,&quot;is_external&quot;:&quot;&quot;,&quot;nofollow&quot;:&quot;&quot;}\" class=\"elementor-column elementor-col-25 elementor-inner-column elementor-element elementor-element-78121ff\" data-id=\"78121ff\" data-element_type=\"column\" data-settings=\"{&quot;background_background&quot;:&quot;classic&quot;}\">\n\t\t\t<div class=\"elementor-widget-wrap elementor-element-populated\">\n\t\t\t\t\t\t<div class=\"elementor-element elementor-element-70ce9d0 elementor-position-top elementor-widget elementor-widget-image-box\" data-id=\"70ce9d0\" data-element_type=\"widget\" data-widget_type=\"image-box.default\">\n\t\t\t\t<div class=\"elementor-widget-container\">\n\t\t\t<style>\/*! elementor - v3.22.0 - 24-06-2024 *\/\n.elementor-widget-image-box .elementor-image-box-content{width:100%}@media (min-width:768px){.elementor-widget-image-box.elementor-position-left .elementor-image-box-wrapper,.elementor-widget-image-box.elementor-position-right .elementor-image-box-wrapper{display:flex}.elementor-widget-image-box.elementor-position-right .elementor-image-box-wrapper{text-align:end;flex-direction:row-reverse}.elementor-widget-image-box.elementor-position-left .elementor-image-box-wrapper{text-align:start;flex-direction:row}.elementor-widget-image-box.elementor-position-top .elementor-image-box-img{margin:auto}.elementor-widget-image-box.elementor-vertical-align-top .elementor-image-box-wrapper{align-items:flex-start}.elementor-widget-image-box.elementor-vertical-align-middle .elementor-image-box-wrapper{align-items:center}.elementor-widget-image-box.elementor-vertical-align-bottom .elementor-image-box-wrapper{align-items:flex-end}}@media (max-width:767px){.elementor-widget-image-box .elementor-image-box-img{margin-left:auto!important;margin-right:auto!important;margin-bottom:15px}}.elementor-widget-image-box .elementor-image-box-img{display:inline-block}.elementor-widget-image-box .elementor-image-box-title a{color:inherit}.elementor-widget-image-box .elementor-image-box-wrapper{text-align:center}.elementor-widget-image-box .elementor-image-box-description{margin:0}<\/style><div class=\"elementor-image-box-wrapper\"><figure class=\"elementor-image-box-img\"><img decoding=\"async\" width=\"125\" height=\"100\" src=\"https:\/\/rentsody.es\/wp-content\/uploads\/2024\/03\/property-management-icon.webp\" class=\"attachment-full size-full wp-image-4183\" alt=\"\" \/><\/figure><div class=\"elementor-image-box-content\"><h3 class=\"elementor-image-box-title\">Gesti\u00f3n de la propiedad<\/h3><p class=\"elementor-image-box-description\">La plataforma de gesti\u00f3n de propiedades vacacionales de Rentsody te ofrece un control total sobre todas sus reservas.<\/p><\/div><\/div>\t\t<\/div>\n\t\t\t\t<\/div>\n\t\t\t\t\t<\/div>\n\t\t<\/div>\n\t\t\t\t<div data-eael-wrapper-link=\"{&quot;url&quot;:&quot;https:\\\/\\\/rentsody.es\\\/automations\\\/&quot;,&quot;is_external&quot;:&quot;&quot;,&quot;nofollow&quot;:&quot;&quot;}\" class=\"elementor-column elementor-col-25 elementor-inner-column elementor-element elementor-element-b542257\" data-id=\"b542257\" data-element_type=\"column\">\n\t\t\t<div class=\"elementor-widget-wrap elementor-element-populated\">\n\t\t\t\t\t\t<div class=\"elementor-element elementor-element-0fdf8b9 elementor-position-top elementor-widget elementor-widget-image-box\" data-id=\"0fdf8b9\" data-element_type=\"widget\" data-widget_type=\"image-box.default\">\n\t\t\t\t<div class=\"elementor-widget-container\">\n\t\t\t<div class=\"elementor-image-box-wrapper\"><figure class=\"elementor-image-box-img\"><img decoding=\"async\" width=\"125\" height=\"100\" src=\"https:\/\/rentsody.es\/wp-content\/uploads\/2024\/03\/automations-icon.webp\" class=\"attachment-full size-full wp-image-4184\" alt=\"\" \/><\/figure><div class=\"elementor-image-box-content\"><h3 class=\"elementor-image-box-title\">Automatizaciones<\/h3><p class=\"elementor-image-box-description\">Aumenta tu productividad sin esfuerzo con las funciones de automatizaci\u00f3n de Rentsody relacionadas con mensajes, precios, pagos, rese\u00f1as y mucho m\u00e1s.<\/p><\/div><\/div>\t\t<\/div>\n\t\t\t\t<\/div>\n\t\t\t\t\t<\/div>\n\t\t<\/div>\n\t\t\t\t<div data-eael-wrapper-link=\"{&quot;url&quot;:&quot;https:\\\/\\\/rentsody.es\\\/iot\\\/&quot;,&quot;is_external&quot;:&quot;&quot;,&quot;nofollow&quot;:&quot;&quot;}\" class=\"elementor-column elementor-col-25 elementor-inner-column elementor-element elementor-element-ff9fd88\" data-id=\"ff9fd88\" data-element_type=\"column\">\n\t\t\t<div class=\"elementor-widget-wrap elementor-element-populated\">\n\t\t\t\t\t\t<div class=\"elementor-element elementor-element-c1636a6 elementor-position-top elementor-widget elementor-widget-image-box\" data-id=\"c1636a6\" data-element_type=\"widget\" data-widget_type=\"image-box.default\">\n\t\t\t\t<div class=\"elementor-widget-container\">\n\t\t\t<div class=\"elementor-image-box-wrapper\"><figure class=\"elementor-image-box-img\"><img decoding=\"async\" width=\"125\" height=\"100\" src=\"https:\/\/rentsody.es\/wp-content\/uploads\/2024\/03\/iot-icon.webp\" class=\"attachment-full size-full wp-image-4185\" alt=\"\" \/><\/figure><div class=\"elementor-image-box-content\"><h3 class=\"elementor-image-box-title\">IoT<\/h3><p class=\"elementor-image-box-description\">Las soluciones IoT de Rentsody hacen que la gesti\u00f3n de propiedades sea m\u00e1s inteligente, sostenible y agradable para los hu\u00e9spedes.<\/p><\/div><\/div>\t\t<\/div>\n\t\t\t\t<\/div>\n\t\t\t\t\t<\/div>\n\t\t<\/div>\n\t\t\t\t<div data-eael-wrapper-link=\"{&quot;url&quot;:&quot;https:\\\/\\\/rentsody.es\\\/unified-inbox\\\/&quot;,&quot;is_external&quot;:&quot;&quot;,&quot;nofollow&quot;:&quot;&quot;}\" class=\"elementor-column elementor-col-25 elementor-inner-column elementor-element elementor-element-a7a6c33\" data-id=\"a7a6c33\" data-element_type=\"column\">\n\t\t\t<div class=\"elementor-widget-wrap elementor-element-populated\">\n\t\t\t\t\t\t<div class=\"elementor-element elementor-element-d92eeb7 elementor-position-top elementor-widget elementor-widget-image-box\" data-id=\"d92eeb7\" data-element_type=\"widget\" data-widget_type=\"image-box.default\">\n\t\t\t\t<div class=\"elementor-widget-container\">\n\t\t\t<div class=\"elementor-image-box-wrapper\"><figure class=\"elementor-image-box-img\"><img loading=\"lazy\" decoding=\"async\" width=\"125\" height=\"100\" src=\"https:\/\/rentsody.es\/wp-content\/uploads\/2024\/03\/unified-box-icon.webp\" class=\"attachment-full size-full wp-image-4186\" alt=\"\" \/><\/figure><div class=\"elementor-image-box-content\"><h3 class=\"elementor-image-box-title\">Inbox unificado<\/h3><p class=\"elementor-image-box-description\">Centraliza y simplifica la comunicaci\u00f3n a trav\u00e9s de m\u00faltiples canales, proporcionando el apoyo que los hu\u00e9spedes necesitan para una estancia memorable.<\/p><\/div><\/div>\t\t<\/div>\n\t\t\t\t<\/div>\n\t\t\t\t\t<\/div>\n\t\t<\/div>\n\t\t\t\t\t<\/div>\n\t\t<\/section>\n\t\t\t\t<section class=\"elementor-section elementor-inner-section elementor-element elementor-element-f6f9809 box-size elementor-section-boxed elementor-section-height-default elementor-section-height-default\" data-id=\"f6f9809\" data-element_type=\"section\" data-settings=\"{&quot;background_background&quot;:&quot;classic&quot;}\">\n\t\t\t\t\t\t\t<div class=\"elementor-background-overlay\"><\/div>\n\t\t\t\t\t\t\t<div class=\"elementor-container elementor-column-gap-default\">\n\t\t\t\t\t<div data-eael-wrapper-link=\"{&quot;url&quot;:&quot;https:\\\/\\\/rentsody.es\\\/website-builder\\\/&quot;,&quot;is_external&quot;:&quot;&quot;,&quot;nofollow&quot;:&quot;&quot;}\" class=\"elementor-column elementor-col-25 elementor-inner-column elementor-element elementor-element-b050bac\" data-id=\"b050bac\" data-element_type=\"column\">\n\t\t\t<div class=\"elementor-widget-wrap elementor-element-populated\">\n\t\t\t\t\t\t<div class=\"elementor-element elementor-element-5f65263 elementor-position-top elementor-widget elementor-widget-image-box\" data-id=\"5f65263\" data-element_type=\"widget\" data-widget_type=\"image-box.default\">\n\t\t\t\t<div class=\"elementor-widget-container\">\n\t\t\t<div class=\"elementor-image-box-wrapper\"><figure class=\"elementor-image-box-img\"><img loading=\"lazy\" decoding=\"async\" width=\"125\" height=\"100\" src=\"https:\/\/rentsody.es\/wp-content\/uploads\/2024\/03\/website-builder-icon.webp\" class=\"attachment-full size-full wp-image-4187\" alt=\"\" \/><\/figure><div class=\"elementor-image-box-content\"><h3 class=\"elementor-image-box-title\">Creador de sitios web<\/h3><p class=\"elementor-image-box-description\">Crea y lanza tu sitio web de alquileres vacacionales con facilidad para impulsar las reservas directas y potenciar tu negocio de alquiler tur\u00edstico.<\/p><\/div><\/div>\t\t<\/div>\n\t\t\t\t<\/div>\n\t\t\t\t\t<\/div>\n\t\t<\/div>\n\t\t\t\t<div data-eael-wrapper-link=\"{&quot;url&quot;:&quot;https:\\\/\\\/rentsody.es\\\/guest-experience\\\/&quot;,&quot;is_external&quot;:&quot;&quot;,&quot;nofollow&quot;:&quot;&quot;}\" class=\"elementor-column elementor-col-25 elementor-inner-column elementor-element elementor-element-931312f\" data-id=\"931312f\" data-element_type=\"column\">\n\t\t\t<div class=\"elementor-widget-wrap elementor-element-populated\">\n\t\t\t\t\t\t<div class=\"elementor-element elementor-element-4240031 elementor-position-top elementor-widget elementor-widget-image-box\" data-id=\"4240031\" data-element_type=\"widget\" data-widget_type=\"image-box.default\">\n\t\t\t\t<div class=\"elementor-widget-container\">\n\t\t\t<div class=\"elementor-image-box-wrapper\"><figure class=\"elementor-image-box-img\"><img loading=\"lazy\" decoding=\"async\" width=\"125\" height=\"100\" src=\"https:\/\/rentsody.es\/wp-content\/uploads\/2024\/03\/guest-experience-icon.webp\" class=\"attachment-full size-full wp-image-4188\" alt=\"\" \/><\/figure><div class=\"elementor-image-box-content\"><h3 class=\"elementor-image-box-title\">Experiencia del hu\u00e9sped<\/h3><p class=\"elementor-image-box-description\">Fomenta la fidelidad de los clientes y mejora las experiencias de los hu\u00e9spedes con las completas funciones de gesti\u00f3n de hu\u00e9spedes de Rentsody.<\/p><\/div><\/div>\t\t<\/div>\n\t\t\t\t<\/div>\n\t\t\t\t\t<\/div>\n\t\t<\/div>\n\t\t\t\t<div data-eael-wrapper-link=\"{&quot;url&quot;:&quot;https:\\\/\\\/rentsody.es\\\/payment-processing\\\/&quot;,&quot;is_external&quot;:&quot;&quot;,&quot;nofollow&quot;:&quot;&quot;}\" class=\"elementor-column elementor-col-25 elementor-inner-column elementor-element elementor-element-cd47863\" data-id=\"cd47863\" data-element_type=\"column\">\n\t\t\t<div class=\"elementor-widget-wrap elementor-element-populated\">\n\t\t\t\t\t\t<div class=\"elementor-element elementor-element-6ef939c elementor-position-top elementor-widget elementor-widget-image-box\" data-id=\"6ef939c\" data-element_type=\"widget\" data-widget_type=\"image-box.default\">\n\t\t\t\t<div class=\"elementor-widget-container\">\n\t\t\t<div class=\"elementor-image-box-wrapper\"><figure class=\"elementor-image-box-img\"><img loading=\"lazy\" decoding=\"async\" width=\"125\" height=\"100\" src=\"https:\/\/rentsody.es\/wp-content\/uploads\/2024\/03\/payment-processing-icon.webp\" class=\"attachment-full size-full wp-image-4189\" alt=\"\" \/><\/figure><div class=\"elementor-image-box-content\"><h3 class=\"elementor-image-box-title\">Procesamiento de pagos<\/h3><p class=\"elementor-image-box-description\">Simplifica tus procesos de pago, garantizando transacciones financieras fluidas tanto para los hu\u00e9spedes como para la gesti\u00f3n de su propiedad.<\/p><\/div><\/div>\t\t<\/div>\n\t\t\t\t<\/div>\n\t\t\t\t\t<\/div>\n\t\t<\/div>\n\t\t\t\t<div data-eael-wrapper-link=\"{&quot;url&quot;:&quot;https:\\\/\\\/rentsody.es\\\/statistics-kpis\\\/&quot;,&quot;is_external&quot;:&quot;&quot;,&quot;nofollow&quot;:&quot;&quot;}\" class=\"elementor-column elementor-col-25 elementor-inner-column elementor-element elementor-element-dab282f\" data-id=\"dab282f\" data-element_type=\"column\">\n\t\t\t<div class=\"elementor-widget-wrap elementor-element-populated\">\n\t\t\t\t\t\t<div class=\"elementor-element elementor-element-9013ee4 elementor-position-top elementor-widget elementor-widget-image-box\" data-id=\"9013ee4\" data-element_type=\"widget\" data-widget_type=\"image-box.default\">\n\t\t\t\t<div class=\"elementor-widget-container\">\n\t\t\t<div class=\"elementor-image-box-wrapper\"><figure class=\"elementor-image-box-img\"><img loading=\"lazy\" decoding=\"async\" width=\"125\" height=\"100\" src=\"https:\/\/rentsody.es\/wp-content\/uploads\/2024\/03\/statistics-kpis-icon.webp\" class=\"attachment-full size-full wp-image-4190\" alt=\"\" \/><\/figure><div class=\"elementor-image-box-content\"><h3 class=\"elementor-image-box-title\">Estad\u00edsticas y KPIs<\/h3><p class=\"elementor-image-box-description\">Accede a m\u00e9tricas cruciales e indicadores clave de rendimiento (KPI) para tomar decisiones basadas en datos y optimizar tu negocio de alquiler vacacional.<\/p><\/div><\/div>\t\t<\/div>\n\t\t\t\t<\/div>\n\t\t\t\t\t<\/div>\n\t\t<\/div>\n\t\t\t\t\t<\/div>\n\t\t<\/section>\n\t\t\t\t\t<\/div>\n\t\t<\/div>\n\t\t\t\t\t<\/div>\n\t\t<\/section>\n\t\t\t\t<section class=\"elementor-section elementor-top-section elementor-element elementor-element-f845da4 elementor-section-boxed elementor-section-height-default elementor-section-height-default\" data-id=\"f845da4\" data-element_type=\"section\">\n\t\t\t\t\t\t<div class=\"elementor-container elementor-column-gap-default\">\n\t\t\t\t\t<div class=\"elementor-column elementor-col-100 elementor-top-column elementor-element elementor-element-2a06ed0\" data-id=\"2a06ed0\" data-element_type=\"column\">\n\t\t\t<div class=\"elementor-widget-wrap elementor-element-populated\">\n\t\t\t\t\t\t<section class=\"elementor-section elementor-inner-section elementor-element elementor-element-e4f44b1 elementor-section-boxed elementor-section-height-default elementor-section-height-default\" data-id=\"e4f44b1\" data-element_type=\"section\" data-settings=\"{&quot;background_background&quot;:&quot;classic&quot;}\">\n\t\t\t\t\t\t\t<div class=\"elementor-background-overlay\"><\/div>\n\t\t\t\t\t\t\t<div class=\"elementor-container elementor-column-gap-default\">\n\t\t\t\t\t<div class=\"elementor-column elementor-col-100 elementor-inner-column elementor-element elementor-element-22903ee\" data-id=\"22903ee\" data-element_type=\"column\">\n\t\t\t<div class=\"elementor-widget-wrap elementor-element-populated\">\n\t\t\t\t\t\t<div class=\"elementor-element elementor-element-232779d elementor-mobile-align-center elementor-align-center elementor-widget elementor-widget-button\" data-id=\"232779d\" data-element_type=\"widget\" data-widget_type=\"button.default\">\n\t\t\t\t<div class=\"elementor-widget-container\">\n\t\t\t\t\t<div class=\"elementor-button-wrapper\">\n\t\t\t<a class=\"elementor-button elementor-button-link elementor-size-sm\" href=\"https:\/\/rentsody.es\/es\/empezar\/\">\n\t\t\t\t\t\t<span class=\"elementor-button-content-wrapper\">\n\t\t\t\t\t\t\t\t\t<span class=\"elementor-button-text\">\u00a1EMPIEZA AHORA!<\/span>\n\t\t\t\t\t<\/span>\n\t\t\t\t\t<\/a>\n\t\t<\/div>\n\t\t\t\t<\/div>\n\t\t\t\t<\/div>\n\t\t\t\t\t<\/div>\n\t\t<\/div>\n\t\t\t\t\t<\/div>\n\t\t<\/section>\n\t\t\t\t\t<\/div>\n\t\t<\/div>\n\t\t\t\t\t<\/div>\n\t\t<\/section>\n\t\t\t\t<\/div>","protected":false},"excerpt":{"rendered":"<p>Soluci\u00f3n todo en uno Experimente la grandeza en la gesti\u00f3n de alquileres vacacionales con Rentsody. Nuestras caracter\u00edsticas excepcionales, desde la gesti\u00f3n de propiedades hasta la integraci\u00f3n de IoT, automatizaciones, caja unificada, creador de sitios web, experiencia del hu\u00e9sped, procesamiento de pagos y estad\u00edsticas y KPI. Eleve sus alquileres sin esfuerzo con la soluci\u00f3n todo en uno de Rentsody Gesti\u00f3n de propiedades La plataforma de gesti\u00f3n de propiedades vacacionales de Rentsody le ofrece un control completo sobre todas sus reservas. [...]<\/p>","protected":false},"author":2,"featured_media":0,"parent":0,"menu_order":0,"comment_status":"closed","ping_status":"closed","template":"elementor_header_footer","meta":{"footnotes":""},"class_list":["post-2667","page","type-page","status-publish","hentry"],"_links":{"self":[{"href":"https:\/\/rentsody.es\/es\/wp-json\/wp\/v2\/pages\/2667","targetHints":{"allow":["GET"]}}],"collection":[{"href":"https:\/\/rentsody.es\/es\/wp-json\/wp\/v2\/pages"}],"about":[{"href":"https:\/\/rentsody.es\/es\/wp-json\/wp\/v2\/types\/page"}],"author":[{"embeddable":true,"href":"https:\/\/rentsody.es\/es\/wp-json\/wp\/v2\/users\/2"}],"replies":[{"embeddable":true,"href":"https:\/\/rentsody.es\/es\/wp-json\/wp\/v2\/comments?post=2667"}],"version-history":[{"count":106,"href":"https:\/\/rentsody.es\/es\/wp-json\/wp\/v2\/pages\/2667\/revisions"}],"predecessor-version":[{"id":4203,"href":"https:\/\/rentsody.es\/es\/wp-json\/wp\/v2\/pages\/2667\/revisions\/4203"}],"wp:attachment":[{"href":"https:\/\/rentsody.es\/es\/wp-json\/wp\/v2\/media?parent=2667"}],"curies":[{"name":"wp","href":"https:\/\/api.w.org\/{rel}","templated":true}]}}