{"id":3498,"date":"2024-03-15T20:49:04","date_gmt":"2024-03-15T19:49:04","guid":{"rendered":"https:\/\/rentsody.com\/?page_id=3498"},"modified":"2024-03-24T17:36:26","modified_gmt":"2024-03-24T16:36:26","slug":"about","status":"publish","type":"page","link":"https:\/\/rentsody.es\/es\/empresa\/","title":{"rendered":"Empresa"},"content":{"rendered":"<div data-elementor-type=\"wp-page\" data-elementor-id=\"3498\" class=\"elementor elementor-3498\" data-elementor-post-type=\"page\">\n\t\t\t\t\t\t<section class=\"elementor-section elementor-top-section elementor-element elementor-element-d3e38e0 elementor-section-boxed elementor-section-height-default elementor-section-height-default\" data-id=\"d3e38e0\" data-element_type=\"section\">\n\t\t\t\t\t\t<div class=\"elementor-container elementor-column-gap-default\">\n\t\t\t\t\t<div class=\"elementor-column elementor-col-100 elementor-top-column elementor-element elementor-element-4cc48de\" data-id=\"4cc48de\" data-element_type=\"column\">\n\t\t\t<div class=\"elementor-widget-wrap elementor-element-populated\">\n\t\t\t\t\t\t<div class=\"elementor-element elementor-element-49ae7ba eael-dual-header-content-align-center elementor-widget elementor-widget-eael-dual-color-header\" data-id=\"49ae7ba\" data-element_type=\"widget\" data-widget_type=\"eael-dual-color-header.default\">\n\t\t\t\t<div class=\"elementor-widget-container\">\n\t\t\t\n\t\t        <div class=\"eael-dual-header\">\n\t\t\t\t<h2 class=\"title\">\n\t\t\t<span  class=\"lead solid-color\">Vacaciones inteligentes <\/span>\n\t\t\t<span>Alquileres<\/span>\n\t\t<\/h2>\n\t\t\t\t<span class=\"subtext\"><\/span>\n\t\t\t\t\t<span class=\"eael-dch-svg-icon\"><\/span>\t\t\t\t<\/div>\n\t\n\t\t\n\t\t\n\t\t\n\t\t\t\t<\/div>\n\t\t\t\t<\/div>\n\t\t\t\t<div class=\"elementor-element elementor-element-85a96ca elementor-widget elementor-widget-text-editor\" data-id=\"85a96ca\" data-element_type=\"widget\" data-widget_type=\"text-editor.default\">\n\t\t\t\t<div class=\"elementor-widget-container\">\n\t\t\t<style>\/*! elementor - v3.22.0 - 24-06-2024 *\/\n.elementor-widget-text-editor.elementor-drop-cap-view-stacked .elementor-drop-cap{background-color:#69727d;color:#fff}.elementor-widget-text-editor.elementor-drop-cap-view-framed .elementor-drop-cap{color:#69727d;border:3px solid;background-color:transparent}.elementor-widget-text-editor:not(.elementor-drop-cap-view-default) .elementor-drop-cap{margin-top:8px}.elementor-widget-text-editor:not(.elementor-drop-cap-view-default) .elementor-drop-cap-letter{width:1em;height:1em}.elementor-widget-text-editor .elementor-drop-cap{float:left;text-align:center;line-height:1;font-size:50px}.elementor-widget-text-editor .elementor-drop-cap-letter{display:inline-block}<\/style>\t\t\t\t<p>Rentsody revoluciona la gesti\u00f3n del alquiler vacacional fusionando PMS, IoT e IA para mejorar las operaciones, la experiencia de los hu\u00e9spedes y la sostenibilidad.<\/p>\t\t\t\t\t\t<\/div>\n\t\t\t\t<\/div>\n\t\t\t\t\t<\/div>\n\t\t<\/div>\n\t\t\t\t\t<\/div>\n\t\t<\/section>\n\t\t\t\t<section class=\"elementor-section elementor-top-section elementor-element elementor-element-b7ec4ad elementor-section-boxed elementor-section-height-default elementor-section-height-default\" data-id=\"b7ec4ad\" data-element_type=\"section\">\n\t\t\t\t\t\t<div class=\"elementor-container elementor-column-gap-default\">\n\t\t\t\t\t<div class=\"elementor-column elementor-col-50 elementor-top-column elementor-element elementor-element-d3036d9\" data-id=\"d3036d9\" data-element_type=\"column\">\n\t\t\t<div class=\"elementor-widget-wrap elementor-element-populated\">\n\t\t\t\t\t\t<div class=\"elementor-element elementor-element-c2bdad5 elementor-widget elementor-widget-heading\" data-id=\"c2bdad5\" data-element_type=\"widget\" data-widget_type=\"heading.default\">\n\t\t\t\t<div class=\"elementor-widget-container\">\n\t\t\t<style>\/*! elementor - v3.22.0 - 24-06-2024 *\/\n.elementor-heading-title{padding:0;margin:0;line-height:1}.elementor-widget-heading .elementor-heading-title[class*=elementor-size-]>a{color:inherit;font-size:inherit;line-height:inherit}.elementor-widget-heading .elementor-heading-title.elementor-size-small{font-size:15px}.elementor-widget-heading .elementor-heading-title.elementor-size-medium{font-size:19px}.elementor-widget-heading .elementor-heading-title.elementor-size-large{font-size:29px}.elementor-widget-heading .elementor-heading-title.elementor-size-xl{font-size:39px}.elementor-widget-heading .elementor-heading-title.elementor-size-xxl{font-size:59px}<\/style><h2 class=\"elementor-heading-title elementor-size-default\">Acerca de Rentsody<\/h2>\t\t<\/div>\n\t\t\t\t<\/div>\n\t\t\t\t<div class=\"elementor-element elementor-element-147b717 elementor-widget elementor-widget-text-editor\" data-id=\"147b717\" data-element_type=\"widget\" data-widget_type=\"text-editor.default\">\n\t\t\t\t<div class=\"elementor-widget-container\">\n\t\t\t\t\t\t\t<p>Rentsody eleva la gesti\u00f3n de alquileres vacacionales con una integraci\u00f3n innovadora de PMS, IoT y AI, mejorando la eficiencia operativa, la satisfacci\u00f3n de los hu\u00e9spedes y liderando con tecnolog\u00eda de vanguardia para un futuro sostenible.<\/p>\t\t\t\t\t\t<\/div>\n\t\t\t\t<\/div>\n\t\t\t\t\t<\/div>\n\t\t<\/div>\n\t\t\t\t<div class=\"elementor-column elementor-col-50 elementor-top-column elementor-element elementor-element-05e741c\" data-id=\"05e741c\" data-element_type=\"column\">\n\t\t\t<div class=\"elementor-widget-wrap elementor-element-populated\">\n\t\t\t\t\t\t<div class=\"elementor-element elementor-element-b5d128c elementor-widget__width-inherit elementor-widget elementor-widget-image\" data-id=\"b5d128c\" data-element_type=\"widget\" data-widget_type=\"image.default\">\n\t\t\t\t<div class=\"elementor-widget-container\">\n\t\t\t<style>\/*! elementor - v3.22.0 - 24-06-2024 *\/\n.elementor-widget-image{text-align:center}.elementor-widget-image a{display:inline-block}.elementor-widget-image a img[src$=\".svg\"]{width:48px}.elementor-widget-image img{vertical-align:middle;display:inline-block}<\/style>\t\t\t\t\t\t\t\t\t\t<img fetchpriority=\"high\" decoding=\"async\" width=\"1106\" height=\"930\" src=\"https:\/\/rentsody.es\/wp-content\/uploads\/2024\/03\/rentsody-product-e1711296119358.webp\" class=\"attachment-full size-full wp-image-4110\" alt=\"\" srcset=\"https:\/\/rentsody.es\/wp-content\/uploads\/2024\/03\/rentsody-product-e1711296119358.webp 1106w, https:\/\/rentsody.es\/wp-content\/uploads\/2024\/03\/rentsody-product-e1711296119358-300x252.webp 300w, https:\/\/rentsody.es\/wp-content\/uploads\/2024\/03\/rentsody-product-e1711296119358-1024x861.webp 1024w, https:\/\/rentsody.es\/wp-content\/uploads\/2024\/03\/rentsody-product-e1711296119358-768x646.webp 768w\" sizes=\"(max-width: 1106px) 100vw, 1106px\" \/>\t\t\t\t\t\t\t\t\t\t\t\t\t<\/div>\n\t\t\t\t<\/div>\n\t\t\t\t\t<\/div>\n\t\t<\/div>\n\t\t\t\t\t<\/div>\n\t\t<\/section>\n\t\t\t\t<section class=\"elementor-section elementor-top-section elementor-element elementor-element-094c12f elementor-section-boxed elementor-section-height-default elementor-section-height-default\" data-id=\"094c12f\" data-element_type=\"section\">\n\t\t\t\t\t\t<div class=\"elementor-container elementor-column-gap-default\">\n\t\t\t\t\t<div class=\"elementor-column elementor-col-100 elementor-top-column elementor-element elementor-element-257b9cc\" data-id=\"257b9cc\" data-element_type=\"column\">\n\t\t\t<div class=\"elementor-widget-wrap elementor-element-populated\">\n\t\t\t\t\t\t<div class=\"elementor-element elementor-element-2e21b08 elementor-widget elementor-widget-heading\" data-id=\"2e21b08\" data-element_type=\"widget\" data-widget_type=\"heading.default\">\n\t\t\t\t<div class=\"elementor-widget-container\">\n\t\t\t<h2 class=\"elementor-heading-title elementor-size-default\">Nuestros valores<\/h2>\t\t<\/div>\n\t\t\t\t<\/div>\n\t\t\t\t<div class=\"elementor-element elementor-element-b673f05 elementor-widget__width-initial elementor-widget elementor-widget-text-editor\" data-id=\"b673f05\" data-element_type=\"widget\" data-widget_type=\"text-editor.default\">\n\t\t\t\t<div class=\"elementor-widget-container\">\n\t\t\t\t\t\t\t<p>Rentsody se basa en principios s\u00f3lidos, centr\u00e1ndose en la innovaci\u00f3n transformadora, un servicio al cliente excepcional y un profundo compromiso con la sostenibilidad medioambiental en la gesti\u00f3n de alquileres vacacionales.<\/p>\t\t\t\t\t\t<\/div>\n\t\t\t\t<\/div>\n\t\t\t\t<section class=\"elementor-section elementor-inner-section elementor-element elementor-element-353d9a7 elementor-section-boxed elementor-section-height-default elementor-section-height-default\" data-id=\"353d9a7\" data-element_type=\"section\" data-settings=\"{&quot;background_background&quot;:&quot;classic&quot;}\">\n\t\t\t\t\t\t\t<div class=\"elementor-background-overlay\"><\/div>\n\t\t\t\t\t\t\t<div class=\"elementor-container elementor-column-gap-default\">\n\t\t\t\t\t<div class=\"elementor-column elementor-col-25 elementor-inner-column elementor-element elementor-element-2061b54\" data-id=\"2061b54\" data-element_type=\"column\" data-settings=\"{&quot;background_background&quot;:&quot;classic&quot;}\">\n\t\t\t<div class=\"elementor-widget-wrap elementor-element-populated\">\n\t\t\t\t\t\t<div class=\"elementor-element elementor-element-3b737a5 elementor-position-top elementor-widget elementor-widget-image-box\" data-id=\"3b737a5\" data-element_type=\"widget\" data-widget_type=\"image-box.default\">\n\t\t\t\t<div class=\"elementor-widget-container\">\n\t\t\t<style>\/*! elementor - v3.22.0 - 24-06-2024 *\/\n.elementor-widget-image-box .elementor-image-box-content{width:100%}@media (min-width:768px){.elementor-widget-image-box.elementor-position-left .elementor-image-box-wrapper,.elementor-widget-image-box.elementor-position-right .elementor-image-box-wrapper{display:flex}.elementor-widget-image-box.elementor-position-right .elementor-image-box-wrapper{text-align:end;flex-direction:row-reverse}.elementor-widget-image-box.elementor-position-left .elementor-image-box-wrapper{text-align:start;flex-direction:row}.elementor-widget-image-box.elementor-position-top .elementor-image-box-img{margin:auto}.elementor-widget-image-box.elementor-vertical-align-top .elementor-image-box-wrapper{align-items:flex-start}.elementor-widget-image-box.elementor-vertical-align-middle .elementor-image-box-wrapper{align-items:center}.elementor-widget-image-box.elementor-vertical-align-bottom .elementor-image-box-wrapper{align-items:flex-end}}@media (max-width:767px){.elementor-widget-image-box .elementor-image-box-img{margin-left:auto!important;margin-right:auto!important;margin-bottom:15px}}.elementor-widget-image-box .elementor-image-box-img{display:inline-block}.elementor-widget-image-box .elementor-image-box-title a{color:inherit}.elementor-widget-image-box .elementor-image-box-wrapper{text-align:center}.elementor-widget-image-box .elementor-image-box-description{margin:0}<\/style><div class=\"elementor-image-box-wrapper\"><figure class=\"elementor-image-box-img\"><img decoding=\"async\" width=\"125\" height=\"100\" src=\"https:\/\/rentsody.es\/wp-content\/uploads\/2024\/03\/customer-first-icon.webp\" class=\"attachment-full size-full wp-image-4194\" alt=\"\" \/><\/figure><div class=\"elementor-image-box-content\"><h3 class=\"elementor-image-box-title\">El cliente, primero<\/h3><p class=\"elementor-image-box-description\">Dar prioridad a los clientes garantiza su satisfacci\u00f3n y fidelidad. Innovamos para satisfacer tus necesidades.<\/p><\/div><\/div>\t\t<\/div>\n\t\t\t\t<\/div>\n\t\t\t\t\t<\/div>\n\t\t<\/div>\n\t\t\t\t<div class=\"elementor-column elementor-col-25 elementor-inner-column elementor-element elementor-element-d90a6f7\" data-id=\"d90a6f7\" data-element_type=\"column\">\n\t\t\t<div class=\"elementor-widget-wrap elementor-element-populated\">\n\t\t\t\t\t\t<div class=\"elementor-element elementor-element-c5dba6b elementor-position-top elementor-widget elementor-widget-image-box\" data-id=\"c5dba6b\" data-element_type=\"widget\" data-widget_type=\"image-box.default\">\n\t\t\t\t<div class=\"elementor-widget-container\">\n\t\t\t<div class=\"elementor-image-box-wrapper\"><figure class=\"elementor-image-box-img\"><img decoding=\"async\" width=\"125\" height=\"100\" src=\"https:\/\/rentsody.es\/wp-content\/uploads\/2024\/03\/flexibility-icon.webp\" class=\"attachment-full size-full wp-image-4195\" alt=\"\" \/><\/figure><div class=\"elementor-image-box-content\"><h3 class=\"elementor-image-box-title\">Flexibilidad<\/h3><p class=\"elementor-image-box-description\">Rentsody valora la flexibilidad, adapt\u00e1ndose a las diversas necesidades de los usuarios para una gesti\u00f3n \u00f3ptima del alquiler.<\/p><\/div><\/div>\t\t<\/div>\n\t\t\t\t<\/div>\n\t\t\t\t\t<\/div>\n\t\t<\/div>\n\t\t\t\t<div class=\"elementor-column elementor-col-25 elementor-inner-column elementor-element elementor-element-fd3a65c\" data-id=\"fd3a65c\" data-element_type=\"column\">\n\t\t\t<div class=\"elementor-widget-wrap elementor-element-populated\">\n\t\t\t\t\t\t<div class=\"elementor-element elementor-element-5efe34c elementor-position-top elementor-widget elementor-widget-image-box\" data-id=\"5efe34c\" data-element_type=\"widget\" data-widget_type=\"image-box.default\">\n\t\t\t\t<div class=\"elementor-widget-container\">\n\t\t\t<div class=\"elementor-image-box-wrapper\"><figure class=\"elementor-image-box-img\"><img loading=\"lazy\" decoding=\"async\" width=\"125\" height=\"100\" src=\"https:\/\/rentsody.es\/wp-content\/uploads\/2024\/03\/sustainable-icon.webp\" class=\"attachment-full size-full wp-image-4196\" alt=\"\" \/><\/figure><div class=\"elementor-image-box-content\"><h3 class=\"elementor-image-box-title\">Sostenible<\/h3><p class=\"elementor-image-box-description\">Rentsody aboga por la sostenibilidad, centr\u00e1ndose en las pr\u00e1cticas ecol\u00f3gicas y el ahorro de energ\u00eda<\/p><\/div><\/div>\t\t<\/div>\n\t\t\t\t<\/div>\n\t\t\t\t\t<\/div>\n\t\t<\/div>\n\t\t\t\t<div class=\"elementor-column elementor-col-25 elementor-inner-column elementor-element elementor-element-0f6ef15\" data-id=\"0f6ef15\" data-element_type=\"column\">\n\t\t\t<div class=\"elementor-widget-wrap elementor-element-populated\">\n\t\t\t\t\t\t<div class=\"elementor-element elementor-element-1bdcbe9 elementor-position-top elementor-widget elementor-widget-image-box\" data-id=\"1bdcbe9\" data-element_type=\"widget\" data-widget_type=\"image-box.default\">\n\t\t\t\t<div class=\"elementor-widget-container\">\n\t\t\t<div class=\"elementor-image-box-wrapper\"><figure class=\"elementor-image-box-img\"><img loading=\"lazy\" decoding=\"async\" width=\"125\" height=\"100\" src=\"https:\/\/rentsody.es\/wp-content\/uploads\/2024\/03\/efficient-icon.webp\" class=\"attachment-full size-full wp-image-4197\" alt=\"\" \/><\/figure><div class=\"elementor-image-box-content\"><h3 class=\"elementor-image-box-title\">Eficaz<\/h3><p class=\"elementor-image-box-description\">Rentsody aumenta la eficiencia en la gesti\u00f3n de propiedades, garantizando un rendimiento \u00f3ptimo.<\/p><\/div><\/div>\t\t<\/div>\n\t\t\t\t<\/div>\n\t\t\t\t\t<\/div>\n\t\t<\/div>\n\t\t\t\t\t<\/div>\n\t\t<\/section>\n\t\t\t\t\t<\/div>\n\t\t<\/div>\n\t\t\t\t\t<\/div>\n\t\t<\/section>\n\t\t\t\t<section class=\"elementor-section elementor-top-section elementor-element elementor-element-851dc09 elementor-section-boxed elementor-section-height-default elementor-section-height-default\" data-id=\"851dc09\" data-element_type=\"section\">\n\t\t\t\t\t\t<div class=\"elementor-container elementor-column-gap-default\">\n\t\t\t\t\t<div class=\"elementor-column elementor-col-100 elementor-top-column elementor-element elementor-element-6aa5b77\" data-id=\"6aa5b77\" data-element_type=\"column\">\n\t\t\t<div class=\"elementor-widget-wrap elementor-element-populated\">\n\t\t\t\t\t\t<section class=\"elementor-section elementor-inner-section elementor-element elementor-element-c4a4685 elementor-section-boxed elementor-section-height-default elementor-section-height-default\" data-id=\"c4a4685\" data-element_type=\"section\" data-settings=\"{&quot;background_background&quot;:&quot;classic&quot;}\">\n\t\t\t\t\t\t\t<div class=\"elementor-background-overlay\"><\/div>\n\t\t\t\t\t\t\t<div class=\"elementor-container elementor-column-gap-default\">\n\t\t\t\t\t<div class=\"elementor-column elementor-col-100 elementor-inner-column elementor-element elementor-element-4977c7c\" data-id=\"4977c7c\" data-element_type=\"column\">\n\t\t\t<div class=\"elementor-widget-wrap elementor-element-populated\">\n\t\t\t\t\t\t<div class=\"elementor-element elementor-element-fc68eee elementor-mobile-align-center elementor-align-center elementor-widget elementor-widget-button\" data-id=\"fc68eee\" data-element_type=\"widget\" data-widget_type=\"button.default\">\n\t\t\t\t<div class=\"elementor-widget-container\">\n\t\t\t\t\t<div class=\"elementor-button-wrapper\">\n\t\t\t<a class=\"elementor-button elementor-button-link elementor-size-sm\" href=\"https:\/\/rentsody.es\/es\/soluciones\/\">\n\t\t\t\t\t\t<span class=\"elementor-button-content-wrapper\">\n\t\t\t\t\t\t\t\t\t<span class=\"elementor-button-text\">IR A SOLUCIONES<\/span>\n\t\t\t\t\t<\/span>\n\t\t\t\t\t<\/a>\n\t\t<\/div>\n\t\t\t\t<\/div>\n\t\t\t\t<\/div>\n\t\t\t\t\t<\/div>\n\t\t<\/div>\n\t\t\t\t\t<\/div>\n\t\t<\/section>\n\t\t\t\t\t<\/div>\n\t\t<\/div>\n\t\t\t\t\t<\/div>\n\t\t<\/section>\n\t\t\t\t<\/div>","protected":false},"excerpt":{"rendered":"<p>Alquileres vacacionales inteligentes Rentsody revoluciona la gesti\u00f3n de alquileres vacacionales fusionando PMS, IoT e IA para mejorar las operaciones, la experiencia de los hu\u00e9spedes y la sostenibilidad. Acerca de Rentsody Rentsody eleva la gesti\u00f3n de alquileres vacacionales con la integraci\u00f3n innovadora de PMS, IoT y AI, mejorando la eficiencia operativa, la satisfacci\u00f3n del hu\u00e9sped y liderando con tecnolog\u00eda de vanguardia para un futuro sostenible. Nuestros valores Rentsody se basa en [...]<\/p>","protected":false},"author":2,"featured_media":0,"parent":0,"menu_order":0,"comment_status":"closed","ping_status":"closed","template":"elementor_header_footer","meta":{"footnotes":""},"class_list":["post-3498","page","type-page","status-publish","hentry"],"_links":{"self":[{"href":"https:\/\/rentsody.es\/es\/wp-json\/wp\/v2\/pages\/3498","targetHints":{"allow":["GET"]}}],"collection":[{"href":"https:\/\/rentsody.es\/es\/wp-json\/wp\/v2\/pages"}],"about":[{"href":"https:\/\/rentsody.es\/es\/wp-json\/wp\/v2\/types\/page"}],"author":[{"embeddable":true,"href":"https:\/\/rentsody.es\/es\/wp-json\/wp\/v2\/users\/2"}],"replies":[{"embeddable":true,"href":"https:\/\/rentsody.es\/es\/wp-json\/wp\/v2\/comments?post=3498"}],"version-history":[{"count":61,"href":"https:\/\/rentsody.es\/es\/wp-json\/wp\/v2\/pages\/3498\/revisions"}],"predecessor-version":[{"id":4200,"href":"https:\/\/rentsody.es\/es\/wp-json\/wp\/v2\/pages\/3498\/revisions\/4200"}],"wp:attachment":[{"href":"https:\/\/rentsody.es\/es\/wp-json\/wp\/v2\/media?parent=3498"}],"curies":[{"name":"wp","href":"https:\/\/api.w.org\/{rel}","templated":true}]}}