{"id":4423,"date":"2024-04-18T20:19:10","date_gmt":"2024-04-18T18:19:10","guid":{"rendered":"https:\/\/rentsody.com\/?page_id=4423"},"modified":"2024-04-19T07:58:21","modified_gmt":"2024-04-19T05:58:21","slug":"legal-notice","status":"publish","type":"page","link":"https:\/\/rentsody.es\/es\/aviso-legal\/","title":{"rendered":"Aviso legal"},"content":{"rendered":"<div data-elementor-type=\"wp-page\" data-elementor-id=\"4423\" class=\"elementor elementor-4423\" data-elementor-post-type=\"page\">\n\t\t\t\t\t\t<section class=\"elementor-section elementor-top-section elementor-element elementor-element-961d5f8 elementor-section-boxed elementor-section-height-default elementor-section-height-default\" data-id=\"961d5f8\" data-element_type=\"section\">\n\t\t\t\t\t\t<div class=\"elementor-container elementor-column-gap-default\">\n\t\t\t\t\t<div class=\"elementor-column elementor-col-100 elementor-top-column elementor-element elementor-element-7b6719d\" data-id=\"7b6719d\" data-element_type=\"column\">\n\t\t\t<div class=\"elementor-widget-wrap elementor-element-populated\">\n\t\t\t\t\t\t<div class=\"elementor-element elementor-element-fa01a3b elementor-widget elementor-widget-heading\" data-id=\"fa01a3b\" data-element_type=\"widget\" data-widget_type=\"heading.default\">\n\t\t\t\t<div class=\"elementor-widget-container\">\n\t\t\t<style>\/*! elementor - v3.22.0 - 24-06-2024 *\/\n.elementor-heading-title{padding:0;margin:0;line-height:1}.elementor-widget-heading .elementor-heading-title[class*=elementor-size-]>a{color:inherit;font-size:inherit;line-height:inherit}.elementor-widget-heading .elementor-heading-title.elementor-size-small{font-size:15px}.elementor-widget-heading .elementor-heading-title.elementor-size-medium{font-size:19px}.elementor-widget-heading .elementor-heading-title.elementor-size-large{font-size:29px}.elementor-widget-heading .elementor-heading-title.elementor-size-xl{font-size:39px}.elementor-widget-heading .elementor-heading-title.elementor-size-xxl{font-size:59px}<\/style><h2 class=\"elementor-heading-title elementor-size-default\">Aviso legal<\/h2>\t\t<\/div>\n\t\t\t\t<\/div>\n\t\t\t\t\t<\/div>\n\t\t<\/div>\n\t\t\t\t\t<\/div>\n\t\t<\/section>\n\t\t\t\t<section class=\"elementor-section elementor-top-section elementor-element elementor-element-dbabb7a elementor-section-boxed elementor-section-height-default elementor-section-height-default\" data-id=\"dbabb7a\" data-element_type=\"section\">\n\t\t\t\t\t\t<div class=\"elementor-container elementor-column-gap-default\">\n\t\t\t\t\t<div class=\"elementor-column elementor-col-100 elementor-top-column elementor-element elementor-element-10210d7\" data-id=\"10210d7\" data-element_type=\"column\">\n\t\t\t<div class=\"elementor-widget-wrap elementor-element-populated\">\n\t\t\t\t\t\t<div class=\"elementor-element elementor-element-1f272fd elementor-widget elementor-widget-text-editor\" data-id=\"1f272fd\" data-element_type=\"widget\" data-widget_type=\"text-editor.default\">\n\t\t\t\t<div class=\"elementor-widget-container\">\n\t\t\t<style>\/*! elementor - v3.22.0 - 24-06-2024 *\/\n.elementor-widget-text-editor.elementor-drop-cap-view-stacked .elementor-drop-cap{background-color:#69727d;color:#fff}.elementor-widget-text-editor.elementor-drop-cap-view-framed .elementor-drop-cap{color:#69727d;border:3px solid;background-color:transparent}.elementor-widget-text-editor:not(.elementor-drop-cap-view-default) .elementor-drop-cap{margin-top:8px}.elementor-widget-text-editor:not(.elementor-drop-cap-view-default) .elementor-drop-cap-letter{width:1em;height:1em}.elementor-widget-text-editor .elementor-drop-cap{float:left;text-align:center;line-height:1;font-size:50px}.elementor-widget-text-editor .elementor-drop-cap-letter{display:inline-block}<\/style>\t\t\t\t<p class=\"p1\">NUBEXX SOFTWARE HR, SL, responsable del sitio web, en adelante RESPONSABLE, pone a disposici\u00f3n de los usuarios el presente documento, con el que pretende dar cumplimiento a las obligaciones dispuestas en la Ley 34\/2002, de 11 de julio, de Servicios de la Sociedad de la Informaci\u00f3n y del Comercio Electr\u00f3nico (LSSICE), as\u00ed como informar a todos los usuarios del sitio web respecto a cu\u00e1les son las condiciones de uso del mismo.<\/p>\n<p class=\"p1\">Toda persona que acceda a este sitio web asume el papel de usuario, comprometi\u00e9ndose a la observancia y cumplimiento riguroso de las disposiciones aqu\u00ed dispuestas, as\u00ed como a cualesquiera otra disposici\u00f3n legal que fuera de aplicaci\u00f3n.<\/p>\n<p class=\"p1\">NUBEXX SOFTWARE HR, SL, SL se reserva el derecho a modificar cualquier tipo de informaci\u00f3n que pudiera aparecer en el sitio web, sin que exista obligaci\u00f3n de preavisar o poner en conocimiento de los usuarios dichas obligaciones, entendi\u00e9ndose como suficiente con la publicaci\u00f3n en el sitio web. por NUBEXX SOFTWARE HR, SL, SL<\/p>\n<p class=\"p1\"><b>1. DATOS IDENTIFICATIVOS DEL TITULAR DE www.rentsody.com<\/b><\/p>\n<p class=\"p1\">Denominaci\u00f3n social: NUBEXX SOFTWARE HR, SL, SL (en adelante tambi\u00e9n \"la Entidad\" o \"la Empresa\")<\/p>\n<p class=\"p1\">Nombre comercial: RENTSODY - ALQUILER VACACIONAL INTELIGENTE<\/p>\n<p class=\"p1\">Entidad inscrita en el Registro Mercantil de Almer\u00eda al tomo 2065, folio 117, en la hoja AL-57653, inscripci\u00f3n 1\u00aa.<\/p>\n<p class=\"p1\">CIF: B01877042<\/p>\n<p class=\"p1\">Direcci\u00f3n: CALLE CALLIFATO, 5, 04638 MOJ\u00c1CAR (ALMER\u00cdA)<\/p>\n<p class=\"p1\">correo electr\u00f3nico: contact@rentsody.com<\/p>\n<p class=\"p1\">Tel\u00e9fono: +34 693 707 304<\/p>\n<p class=\"p1\"><b>2. OBJETO<\/b><\/p>\n<p class=\"p1\">A trav\u00e9s del Sitio Web, ofrecemos a los Usuarios la posibilidad de acceder a informaci\u00f3n sobre nuestros servicios.<\/p>\n<p class=\"p1\"><b>3. PRIVACIDAD Y TRATAMIENTO DE DATOS<\/b><\/p>\n<p class=\"p1\">Cuando para el acceso a determinados contenidos o servicios sea necesario facilitar datos de car\u00e1cter personal, los Usuarios garantizar\u00e1n su veracidad, exactitud, autenticidad y vigencia. La empresa dar\u00e1 a dichos datos el tratamiento que corresponda en funci\u00f3n de su naturaleza o finalidad, en los t\u00e9rminos indicados en la secci\u00f3n Pol\u00edtica de Privacidad.<\/p>\n<p class=\"p1\"><b>4. PROPIEDAD INDUSTRIAL E INTELECTUAL<\/b><\/p>\n<p class=\"p1\">El Usuario reconoce y acepta que todos los contenidos que se muestran en el Espacio Web, incluyendo sin car\u00e1cter limitativo, dise\u00f1os, textos, im\u00e1genes, logos, iconos, botones, software, nombres comerciales, marcas, o cualesquiera otros signos susceptibles de utilizaci\u00f3n industrial y\/o comercial est\u00e1n sujetos a derechos de Propiedad Intelectual y todas las marcas, nombres comerciales o signos distintivos, todos los derechos de propiedad industrial e intelectual, sobre los contenidos y\/o cualesquiera otros elementos insertados en el p\u00e1gina, que son propiedad exclusiva de la empresa y\/o de terceros, quienes tienen el derecho exclusivo de utilizarlos en el tr\u00e1fico econ\u00f3mico. Por todo ello el Usuario se compromete a no reproducir, copiar, distribuir, poner a disposici\u00f3n o de cualquier otra forma comunicar p\u00fablicamente, transformar o modificar tales contenidos manteniendo indemne a la empresa de cualquier reclamaci\u00f3n que se derive del incumplimiento de tales obligaciones.<\/p>\n<p class=\"p1\">En ning\u00fan caso el acceso al Espacio Web implica ning\u00fan tipo de renuncia, transmisi\u00f3n, licencia o cesi\u00f3n total ni parcial de dichos derechos, salvo que se establezca expresamente lo contrario. Las presentes Condiciones Generales de Uso del Espacio Web no confieren a los Usuarios ning\u00fan otro derecho de utilizaci\u00f3n, alteraci\u00f3n, explotaci\u00f3n, reproducci\u00f3n, distribuci\u00f3n o comunicaci\u00f3n p\u00fablica del Espacio Web y\/o de sus Contenidos distintos de los aqu\u00ed expresamente previstos. Cualquier otro uso o explotaci\u00f3n de cualesquiera derechos estar\u00e1 sujeto a la previa y expresa autorizaci\u00f3n espec\u00edficamente otorgada a tal efecto por la empresa o el tercero titular de los derechos afectados.<\/p>\n<p class=\"p1\">Los contenidos, textos, fotograf\u00edas, dise\u00f1os, logotipos, im\u00e1genes, programas de ordenador, c\u00f3digos fuente y, en general, cualquier creaci\u00f3n intelectual existente en este Espacio, as\u00ed como el propio Espacio en su conjunto, como obra art\u00edstica multimedia, est\u00e1n protegidos como derechos de autor por la legislaci\u00f3n en materia de propiedad intelectual. La empresa es titular de los elementos que integran el dise\u00f1o gr\u00e1fico del Espacio Web, los men\u00fas, botones de navegaci\u00f3n, el c\u00f3digo HTML, los textos, im\u00e1genes, texturas, gr\u00e1ficos y cualquier otro contenido del Espacio Web o, en cualquier caso dispone de la correspondiente autorizaci\u00f3n para la utilizaci\u00f3n de dichos elementos. Los contenidos proporcionados en el Espacio Web no podr\u00e1n ser reproducidos ni en todo ni en parte, ni transmitidos, ni registrados por ning\u00fan sistema de recuperaci\u00f3n de informaci\u00f3n, en ninguna forma ni en ning\u00fan medio, a menos que se cuente con la autorizaci\u00f3n previa, por escrito, de la citada Entidad.<\/p>\n<p class=\"p1\">Asimismo queda prohibido suprimir, eludir y\/o manipular el \"copyright\" as\u00ed como los dispositivos t\u00e9cnicos de protecci\u00f3n, o cualesquiera mecanismos de informaci\u00f3n que pudieren contener los contenidos. El Usuario de este Espacio Web se compromete a respetar los derechos enunciados y a evitar cualquier actuaci\u00f3n que pudiera perjudicarlos, reserv\u00e1ndose en todo caso la empresa el ejercicio de cuantos medios o acciones legales le correspondan en defensa de sus leg\u00edtimos derechos de propiedad intelectual e industrial.<\/p>\n<p class=\"p1\"><b>5. OBLIGACIONES Y RESPONSABILIDADES DEL USUARIO DEL SITIO WEB<\/b><\/p>\n<p class=\"p1\">El Usuario se compromete a:<\/p>\n<p class=\"p1\">1. Hacer un uso adecuado y l\u00edcito del Espacio Web as\u00ed como de los contenidos y servicios, de conformidad con: (i) la legislaci\u00f3n aplicable en cada momento; ( ii ) las Condiciones Generales de Uso del Espacio Web; ( iii ) la moral y buenas costumbres generalmente aceptadas y ( iv ) el orden p\u00fablico.<\/p>\n<p class=\"p1\">2. Dotarse de todos los medios y requisitos t\u00e9cnicos necesarios para acceder al Espacio Web.<\/p>\n<p class=\"p1\">3. Facilitar informaci\u00f3n veraz cumplimentando los formularios contenidos en el Espacio Web con sus datos personales y manteni\u00e9ndolos actualizados en todo momento de forma que respondan, en cada momento, a la situaci\u00f3n real del Usuario. El Usuario ser\u00e1 el \u00fanico responsable de las manifestaciones falsas o inexactas que realice y de los perjuicios que cause a la empresa o a terceros por la informaci\u00f3n que facilite.<\/p>\n<p class=\"p1\">4. El Usuario es responsable de las opiniones, contenidos y, en general, de todas las actividades que realice, no pudiendo responsabilizar a la entidad de los da\u00f1os y perjuicios que pudieran derivarse de dichas actividades ajenas a su voluntad y de las que sea efectivamente responsable. desconocidas.<\/p>\n<p class=\"p1\">Sin perjuicio de lo establecido en el apartado anterior y, con car\u00e1cter enunciativo y no limitativo, el Usuario deber\u00e1 asimismo abstenerse de:<\/p>\n<p class=\"p1\">1. Hacer un uso no autorizado o fraudulento del Espacio Web y\/o de los contenidos con fines o efectos il\u00edcitos, prohibidos en las presentes Condiciones Generales de Uso, lesivos de los derechos e intereses de terceros, o que de cualquier forma puedan da\u00f1ar, inutilizar, sobrecargar, deteriorar o impedir la normal utilizaci\u00f3n de los servicios o los documentos, archivos y toda clase de contenidos almacenados en cualquier equipo inform\u00e1tico.<\/p>\n<p class=\"p1\">2. Acceder o intentar acceder a recursos o \u00e1reas restringidas del Espacio Web, sin cumplir las condiciones exigidas para dicho acceso.<\/p>\n<p class=\"p1\">3. Provocar da\u00f1os en los sistemas f\u00edsicos o l\u00f3gicos del Espacio Web, de sus proveedores o de terceras personas.<\/p>\n<p class=\"p1\">4. Introducir o difundir en la red virus inform\u00e1ticos o cualesquiera otros sistemas f\u00edsicos o l\u00f3gicos que sean susceptibles de provocar da\u00f1os en los sistemas f\u00edsicos o l\u00f3gicos de la empresa, de los proveedores o de terceros.<\/p>\n<p class=\"p1\">5. Intentar acceder, utilizar y\/o manipular los datos de la empresa, terceros proveedores y otros Usuarios.<\/p>\n<p class=\"p1\">6. Reproducir o copiar, distribuir, permitir el acceso del p\u00fablico a trav\u00e9s de cualquier modalidad de comunicaci\u00f3n p\u00fablica, transformar o modificar los contenidos, a menos que se cuente con la autorizaci\u00f3n del titular de los correspondientes derechos o ello resulte legalmente permitido.<\/p>\n<p class=\"p1\">7. Suprimir, ocultar o manipular las notas sobre derechos de propiedad intelectual o industrial y dem\u00e1s datos identificativos de los derechos de la empresa o de terceros incorporados a los contenidos, as\u00ed como los dispositivos t\u00e9cnicos de protecci\u00f3n o cualesquiera mecanismos de informaci\u00f3n que puedan insertarse en los contenidos.<\/p>\n<p class=\"p1\">8. Obtener e intentar obtener los contenidos empleando para ello medios o procedimientos distintos de los que, seg\u00fan los casos, se hayan puesto a su disposici\u00f3n a este efecto o se hayan indicado expresamente en las p\u00e1ginas web donde se encuentren los contenidos o, en general. 9. Utilizar, en su caso, medios distintos de los que se empleen habitualmente en Internet por no entra\u00f1ar un riesgo de da\u00f1o o inutilizaci\u00f3n del Espacio Web y\/o de los contenidos.<\/p>\n<p class=\"p1\">9. En particular, y a t\u00edtulo meramente indicativo y no exhaustivo, el Usuario se compromete a no transmitir, difundir o poner a disposici\u00f3n de terceros informaciones, datos, contenidos, mensajes, gr\u00e1ficos, dibujos, archivos de sonido y\/o imagen, fotograf\u00edas, grabaciones, software y, en general, cualquier clase de material que:<\/p>\n<p class=\"p1\">De cualquier forma, si es contrario, menosprecia o vulnera los derechos fundamentales y libertades p\u00fablicas reconocidos constitucionalmente, en los Tratados Internacionales y en el resto de la legislaci\u00f3n vigente.<\/p>\n<p class=\"p1\">Induzca, incite o promueva actuaciones delictivas, denigratorias, difamatorias, violentas o, en general, contrarias a la ley, a la moral, a las buenas costumbres generalmente aceptadas o al orden p\u00fablico.<\/p>\n<p class=\"p1\">Induzca, incite o promueva acciones, actitudes o pensamientos discriminatorios por raz\u00f3n de sexo, raza, religi\u00f3n, creencias, edad o condici\u00f3n.<\/p>\n<p class=\"p1\">Incorpore, ponga a disposici\u00f3n o permita acceder a productos, elementos, mensajes y\/o servicios delictivos, violentos, ofensivos, nocivos, degradantes o, en general, contrarios a la ley, a la moral y a las buenas costumbres generalmente aceptadas o al orden p\u00fablico . Induzcan o puedan inducir a un estado inaceptable de ansiedad o temor.<\/p>\n<p class=\"p1\">Induzca o incite a participar en pr\u00e1cticas peligrosas, de riesgo o nocivas para la salud y el equilibrio ps\u00edquico.<\/p>\n<p class=\"p1\">Est\u00e1 protegido por la legislaci\u00f3n en materia de protecci\u00f3n intelectual o industrial perteneciente a la empresa o a terceros sin que se haya autorizado el uso previsto.<\/p>\n<p class=\"p1\">Ser contrario al honor, a la intimidad personal y familiar o a la propia imagen de las personas.<\/p>\n<p class=\"p1\">Constituir cualquier tipo de publicidad.<\/p>\n<p class=\"p1\">Incluir cualquier tipo de virus o programa que impida el normal funcionamiento del Espacio Web.<\/p>\n<p class=\"p1\"><b>6. RESPONSABILIDADES<\/b><\/p>\n<p class=\"p1\">La entidad no garantiza el acceso continuado, ni la correcta visualizaci\u00f3n, descarga o utilidad de los elementos e informaci\u00f3n contenidos en la web que pueden verse impedidos, dificultados o interrumpidos por factores o circunstancias fuera de su control. La entidad no se hace responsable de las decisiones que pudieran adoptarse como consecuencia del acceso a los contenidos o informaciones ofrecidas.<\/p>\n<p class=\"p1\">Podr\u00e1 interrumpirse el servicio o resolver de modo inmediato la relaci\u00f3n con el Usuario si se detecta un uso del Espacio Web, o de cualquiera de los servicios ofertados en el mismo, contrario a las presentes Condiciones Generales de Uso. No seremos responsables por da\u00f1os, perjuicios, p\u00e9rdidas, reclamaciones o gastos derivados del uso del Espacio Web.<\/p>\n<p class=\"p1\">En particular, no seremos responsables de los da\u00f1os y perjuicios que puedan derivarse, entre otros, de:<\/p>\n<p class=\"p1\">1. Las interferencias, interrupciones, fallos, omisiones, aver\u00edas telef\u00f3nicas, retrasos, bloqueos o desconexiones en el funcionamiento del sistema electr\u00f3nico, motivadas por deficiencias, sobrecargas y errores en las l\u00edneas y redes de telecomunicaciones, o por cualquier otra causa ajena al control de la empresa.<\/p>\n<p class=\"p1\">2. Las intrusiones ileg\u00edtimas mediante el uso de programas maliciosos de cualquier tipo y a trav\u00e9s de cualquier medio de comunicaci\u00f3n, tales como virus inform\u00e1ticos o cualesquiera otros.<\/p>\n<p class=\"p1\">3. Uso indebido o inapropiado del Espacio Web.<\/p>\n<p class=\"p1\">4. Errores de seguridad o navegaci\u00f3n producidos por un mal funcionamiento del navegador o por el uso de versiones no actualizadas del mismo. El administrador del espacio web se reserva el derecho de retirar, total o parcialmente, cualquier contenido o informaci\u00f3n presente en el Espacio Web.<\/p>\n<p class=\"p1\">La empresa excluye cualquier responsabilidad por los da\u00f1os y perjuicios de toda naturaleza que pudieran deberse a la mala utilizaci\u00f3n de los servicios de libre disposici\u00f3n y uso por parte de los Usuarios del Espacio Web. Asimismo, queda exonerada de cualquier responsabilidad por el contenido e informaciones que puedan ser recibidas como consecuencia de los formularios de recogida de datos, estando los mismos \u00fanicamente para la prestaci\u00f3n de los servicios de consultas y dudas. Por otro lado, en caso de causar da\u00f1os y perjuicios por un uso il\u00edcito o incorrecto de dichos servicios, podr\u00e1 ser el Usuario reclamado por los da\u00f1os o perjuicios causados.<\/p>\n<p class=\"p1\">Usted mantendr\u00e1 indemne a la empresa frente a cualesquiera da\u00f1os y perjuicios que se deriven de reclamaciones, acciones o demandas de terceros como consecuencia de su acceso o uso del Espacio Web. Asimismo, se obliga a indemnizar frente a cualesquiera da\u00f1os y perjuicios que se deriven del uso por su parte de \"robots\", \"spiders\", \" crawlers \" o herramientas similares empleadas con el fin de recabar o extraer datos o de cualquier otra actuaci\u00f3n por su parte que imponga una carga irrazonable sobre el funcionamiento del Espacio Web.<\/p>\n<p class=\"p1\"><b>7. HYPERLINKS<\/b><\/p>\n<p class=\"p1\">El establecimiento de cualquier hiperenlace desde una p\u00e1gina web a cualquiera de las p\u00e1ginas del Espacio Web de la entidad estar\u00e1 sujeto a las siguientes condiciones:<\/p>\n<p class=\"p1\">No se permite la reproducci\u00f3n total o parcial de ninguno de los servicios del Espacio Web de la entidad.<\/p>\n<p class=\"p1\">No se establecer\u00e1n \"enlaces profundos\" con las p\u00e1ginas del Espacio Web de la entidad, ni se crear\u00e1 un motor de b\u00fasqueda o un entorno relacionado con ellas.<\/p>\n<p class=\"p1\">La p\u00e1gina web en la que se establezca el hiperenlace no contendr\u00e1 ninguna marca, nombre comercial, r\u00f3tulo de establecimiento, denominaci\u00f3n, logotipo, eslogan u otros signos distintivos pertenecientes a la entidad.<\/p>\n<p class=\"p1\">En ning\u00fan caso, la entidad ser\u00e1 responsable de los contenidos, informaciones, manifestaciones, opiniones o servicios puestos a disposici\u00f3n del p\u00fablico en la p\u00e1gina web desde la que se establezca el hiperenlace a este Espacio Web.<\/p>\n<p class=\"p1\">Cualquier hiperenlace se har\u00e1 a la p\u00e1gina principal del Espacio Web.<\/p>\n<p class=\"p1\">Los hiperv\u00ednculos del Espacio Web han sido previamente acordados con los titulares de las p\u00e1ginas web enlazadas. La entidad no se responsabiliza del mal uso o actividades contrarias a la ley, la moral o el orden p\u00fablico que realicen los usuarios de estas p\u00e1ginas web enlazadas.<\/p>\n<p class=\"p1\"><b>8. EXCLUSI\u00d3N DE GARANT\u00cdAS Y DE RESPONSABILIDAD<\/b><\/p>\n<p class=\"p1\">La entidad no se hace responsable, en ning\u00fan caso, de los da\u00f1os y perjuicios de cualquier naturaleza que pudieran ocasionar los Usuarios, a t\u00edtulo enunciativo: errores u omisiones en los contenidos, falta de disponibilidad del portal o la transmisi\u00f3n de virus o programas maliciosos o lesivos en los contenidos, a pesar de haber adoptado todas las medidas tecnol\u00f3gicas necesarias para evitarlo.<\/p>\n<p class=\"p1\"><b>9. VALIDEZ DE LAS CONDICIONES DE USO<\/b><\/p>\n<p class=\"p1\">La entidad podr\u00e1 modificar en cualquier momento las condiciones aqu\u00ed determinadas, siendo debidamente publicadas como aqu\u00ed aparecen. La vigencia de las citadas condiciones ir\u00e1 en funci\u00f3n de su exposici\u00f3n y estar\u00e1n vigentes hasta que sean modificadas por otras debidamente publicadas.<\/p>\n<p class=\"p1\"><b>10. LEY APLICABLE Y JURISDICCI\u00d3N<\/b><\/p>\n<p class=\"p1\">La prestaci\u00f3n del servicio de este Espacio Web y las presentes condiciones de uso se rigen por la ley espa\u00f1ola. Cualquier cuesti\u00f3n litigiosa que concierna a los servicios prestados a trav\u00e9s de este Espacio Web ser\u00e1 resuelta a trav\u00e9s de los tribunales arbitrales de consumo, mediadores o similares a los que est\u00e9 adherida la Empresa en el momento en que se produzca la controversia, as\u00ed como los juzgados y tribunales que correspondan de acuerdo con la legislaci\u00f3n espa\u00f1ola.<\/p>\t\t\t\t\t\t<\/div>\n\t\t\t\t<\/div>\n\t\t\t\t\t<\/div>\n\t\t<\/div>\n\t\t\t\t\t<\/div>\n\t\t<\/section>\n\t\t\t\t<\/div>","protected":false},"excerpt":{"rendered":"<p>NUBEXX SOFTWARE HR, SL, responsable del sitio web, en adelante RESPONSABLE, pone a disposici\u00f3n de los usuarios el presente documento, con el que pretende dar cumplimiento a las obligaciones dispuestas en la Ley 34\/2002, de 11 de julio, de Servicios de la Sociedad de la Informaci\u00f3n y del Comercio Electr\u00f3nico (LSSICE), as\u00ed como informar a todos los usuarios del sitio web respecto a [...].<\/p>","protected":false},"author":1,"featured_media":0,"parent":0,"menu_order":0,"comment_status":"closed","ping_status":"closed","template":"","meta":{"footnotes":""},"class_list":["post-4423","page","type-page","status-publish","hentry"],"_links":{"self":[{"href":"https:\/\/rentsody.es\/es\/wp-json\/wp\/v2\/pages\/4423","targetHints":{"allow":["GET"]}}],"collection":[{"href":"https:\/\/rentsody.es\/es\/wp-json\/wp\/v2\/pages"}],"about":[{"href":"https:\/\/rentsody.es\/es\/wp-json\/wp\/v2\/types\/page"}],"author":[{"embeddable":true,"href":"https:\/\/rentsody.es\/es\/wp-json\/wp\/v2\/users\/1"}],"replies":[{"embeddable":true,"href":"https:\/\/rentsody.es\/es\/wp-json\/wp\/v2\/comments?post=4423"}],"version-history":[{"count":14,"href":"https:\/\/rentsody.es\/es\/wp-json\/wp\/v2\/pages\/4423\/revisions"}],"predecessor-version":[{"id":4456,"href":"https:\/\/rentsody.es\/es\/wp-json\/wp\/v2\/pages\/4423\/revisions\/4456"}],"wp:attachment":[{"href":"https:\/\/rentsody.es\/es\/wp-json\/wp\/v2\/media?parent=4423"}],"curies":[{"name":"wp","href":"https:\/\/api.w.org\/{rel}","templated":true}]}}