{"id":4457,"date":"2024-04-19T07:59:23","date_gmt":"2024-04-19T05:59:23","guid":{"rendered":"https:\/\/rentsody.com\/?page_id=4457"},"modified":"2024-04-19T08:00:31","modified_gmt":"2024-04-19T06:00:31","slug":"privacy-policy","status":"publish","type":"page","link":"https:\/\/rentsody.es\/es\/politica-de-privacidad\/","title":{"rendered":"Pol\u00edtica de privacidad"},"content":{"rendered":"<div data-elementor-type=\"wp-page\" data-elementor-id=\"4457\" class=\"elementor elementor-4457\" data-elementor-post-type=\"page\">\n\t\t\t\t\t\t<section class=\"elementor-section elementor-top-section elementor-element elementor-element-961d5f8 elementor-section-boxed elementor-section-height-default elementor-section-height-default\" data-id=\"961d5f8\" data-element_type=\"section\">\n\t\t\t\t\t\t<div class=\"elementor-container elementor-column-gap-default\">\n\t\t\t\t\t<div class=\"elementor-column elementor-col-100 elementor-top-column elementor-element elementor-element-7b6719d\" data-id=\"7b6719d\" data-element_type=\"column\">\n\t\t\t<div class=\"elementor-widget-wrap elementor-element-populated\">\n\t\t\t\t\t\t<div class=\"elementor-element elementor-element-fa01a3b elementor-widget elementor-widget-heading\" data-id=\"fa01a3b\" data-element_type=\"widget\" data-widget_type=\"heading.default\">\n\t\t\t\t<div class=\"elementor-widget-container\">\n\t\t\t<style>\/*! elementor - v3.22.0 - 24-06-2024 *\/\n.elementor-heading-title{padding:0;margin:0;line-height:1}.elementor-widget-heading .elementor-heading-title[class*=elementor-size-]>a{color:inherit;font-size:inherit;line-height:inherit}.elementor-widget-heading .elementor-heading-title.elementor-size-small{font-size:15px}.elementor-widget-heading .elementor-heading-title.elementor-size-medium{font-size:19px}.elementor-widget-heading .elementor-heading-title.elementor-size-large{font-size:29px}.elementor-widget-heading .elementor-heading-title.elementor-size-xl{font-size:39px}.elementor-widget-heading .elementor-heading-title.elementor-size-xxl{font-size:59px}<\/style><h2 class=\"elementor-heading-title elementor-size-default\">Pol\u00edtica de privacidad<\/h2>\t\t<\/div>\n\t\t\t\t<\/div>\n\t\t\t\t\t<\/div>\n\t\t<\/div>\n\t\t\t\t\t<\/div>\n\t\t<\/section>\n\t\t\t\t<section class=\"elementor-section elementor-top-section elementor-element elementor-element-dbabb7a elementor-section-boxed elementor-section-height-default elementor-section-height-default\" data-id=\"dbabb7a\" data-element_type=\"section\">\n\t\t\t\t\t\t<div class=\"elementor-container elementor-column-gap-default\">\n\t\t\t\t\t<div class=\"elementor-column elementor-col-100 elementor-top-column elementor-element elementor-element-10210d7\" data-id=\"10210d7\" data-element_type=\"column\">\n\t\t\t<div class=\"elementor-widget-wrap elementor-element-populated\">\n\t\t\t\t\t\t<div class=\"elementor-element elementor-element-1f272fd elementor-widget elementor-widget-text-editor\" data-id=\"1f272fd\" data-element_type=\"widget\" data-widget_type=\"text-editor.default\">\n\t\t\t\t<div class=\"elementor-widget-container\">\n\t\t\t<style>\/*! elementor - v3.22.0 - 24-06-2024 *\/\n.elementor-widget-text-editor.elementor-drop-cap-view-stacked .elementor-drop-cap{background-color:#69727d;color:#fff}.elementor-widget-text-editor.elementor-drop-cap-view-framed .elementor-drop-cap{color:#69727d;border:3px solid;background-color:transparent}.elementor-widget-text-editor:not(.elementor-drop-cap-view-default) .elementor-drop-cap{margin-top:8px}.elementor-widget-text-editor:not(.elementor-drop-cap-view-default) .elementor-drop-cap-letter{width:1em;height:1em}.elementor-widget-text-editor .elementor-drop-cap{float:left;text-align:center;line-height:1;font-size:50px}.elementor-widget-text-editor .elementor-drop-cap-letter{display:inline-block}<\/style>\t\t\t\t<p><b>1. RESPONSABLE DEL SITIO WEB<\/b><\/p>\n<p>Este sitio web es responsabilidad de NUBEXX SOFTWARE HR, SL con CIF B01877042, domicilio en Calle Califato, 5, 04638 Moj\u00e1car, Almer\u00eda, entidad inscrita en el Registro Mercantil de Almer\u00eda al tomo 2065, folio 117, hoja AL-57653, inscripci\u00f3n 1\u00aa. (en adelante, RENTSODY - SMART VACATION RENTALS).<\/p>\n<p><\/p>\n<p><b>2. MOTIVACI\u00d3N<\/b><\/p>\n<p>La entidad respeta los derechos de privacidad de sus Usuarios y reconoce la importancia de proteger los datos personales que la entidad recopila sobre sus Usuarios.<\/p>\n<p>El objetivo de este documento es informar a los Usuarios del sitio web sobre el tratamiento de datos personales que se lleva a cabo en este sitio web.<\/p>\n<p><\/p>\n<p><b>3. DATOS PERSONALES TRATADOS POR EL MERO ACCESO AL SITIO WEB<\/b><\/p>\n<p>3.1. Qu\u00e9 datos se tratan<\/p>\n<p>Por el mero hecho de acceder al sitio web, la entidad recopila la direcci\u00f3n IP y otros datos relacionados con la conexi\u00f3n y su origen.<\/p>\n<p>La direcci\u00f3n IP es un c\u00f3digo que identifica la conexi\u00f3n a Internet del Usuario en un momento determinado.<\/p>\n<p>S\u00f3lo el proveedor de acceso a Internet del usuario puede identificar al abonado al que se le asign\u00f3 una direcci\u00f3n IP en un momento determinado.<\/p>\n<p>Debido a la propia naturaleza del servidor que soporta el sitio web, la direcci\u00f3n IP del Usuario queda autom\u00e1ticamente registrada junto con la fecha y hora de acceso.<\/p>\n<p><\/p>\n<p>3.2. \u00bfPara qu\u00e9 se utilizan estos datos?<\/p>\n<p>Estos datos se utilizan \u00fanicamente para gestionar el uso normal del sitio web y realizar an\u00e1lisis estad\u00edsticos sobre el uso del sitio web.<\/p>\n<p><\/p>\n<p>3.3. Destinatarios de los datos<\/p>\n<p>La entidad no facilita esta informaci\u00f3n a terceros, salvo que as\u00ed lo exija la legislaci\u00f3n vigente (por ejemplo, una solicitud oficial en el marco de una investigaci\u00f3n policial).<\/p>\n<p><\/p>\n<p>3.4. Trato legal<\/p>\n<p>La base jur\u00eddica que legitima el tratamiento de la Direcci\u00f3n IP es la necesidad tecnol\u00f3gica para posibilitar la prestaci\u00f3n del servicio del sitio web.<\/p>\n<p>3.5. Per\u00edodo de tratamiento de los datos<\/p>\n<p>Las direcciones IP se conservar\u00e1n durante un periodo de 1 mes.<\/p>\n<p><\/p>\n<p><b>4. QU\u00c9 DERECHOS TIENE EL USUARIO Y C\u00d3MO EJERCERLOS<\/b><\/p>\n<p><\/p>\n<p>La normativa sobre protecci\u00f3n de datos garantiza a los Usuarios los siguientes derechos:<\/p>\n<p><\/p>\n<p>Acceso: Permite al Usuario saber qu\u00e9 informaci\u00f3n est\u00e1 disponible, d\u00f3nde se obtuvo, a qui\u00e9n se proporcion\u00f3 y para qu\u00e9 usos se utiliz\u00f3.<\/p>\n<p>Rectificaci\u00f3n: Permite al Usuario rectificar cualquier dato err\u00f3neo o desactualizado.<\/p>\n<p>Supresi\u00f3n: Permite al Usuario que sus datos dejen de ser tratados.<\/p>\n<p>Oposici\u00f3n: Permite al Usuario dejar de utilizar sus datos para un fin concreto.<\/p>\n<p>Limitaci\u00f3n: Permite al Usuario restringir el tratamiento de sus datos, pero de forma que se conserven para una finalidad posterior.<\/p>\n<p>Portabilidad: Permite al Usuario obtener una copia de sus datos en formato electr\u00f3nico y, en determinadas circunstancias, solicitar que sean comunicados a otro prestador de servicios. S\u00f3lo es aplicable a los tratamientos informatizados realizados con el consentimiento del Usuario o para el cumplimiento de un contrato.<\/p>\n<p>Revocaci\u00f3n del consentimiento: Permite al Usuario revocar el consentimiento que, en su caso, haya otorgado para el tratamiento de sus datos.<\/p>\n<p>Estos derechos exigen la posibilidad de identificar al Usuario que los solicita y relacionar su identidad con los datos tratados por la entidad.<\/p>\n<p><\/p>\n<p>No obstante, la entidad no podr\u00e1 establecer este v\u00ednculo con ninguno de los datos que trate por el mero acceso al sitio web, salvo que el Usuario pudiera aportar determinada documentaci\u00f3n que permita su identificaci\u00f3n (por ejemplo, un certificado de su proveedor de acceso a Internet. en el que conste la direcci\u00f3n IP que el Usuario ten\u00eda asignada en una fecha y hora determinadas).<\/p>\n<p><\/p>\n<p>Se informa a los usuarios de que pueden ejercitar los derechos mencionados ante la entidad, as\u00ed como revocar su consentimiento para los tratamientos que hayan facilitado, mediante correo electr\u00f3nico a gdpr@rentsody.com.<\/p>\n<p><\/p>\n<p>Si el Usuario desea m\u00e1s informaci\u00f3n al respecto o considera vulnerado su derecho a la protecci\u00f3n de datos, puede dirigirse a la Agencia Espa\u00f1ola de Protecci\u00f3n de Datos (www.aepd.es)<\/p>\n<p><\/p>\n<p><b>5. OTROS TRATAMIENTOS DE DATOS PERSONALES<\/b><\/p>\n<p>5.1. Cookies y similares<\/p>\n<p><\/p>\n<p>La entidad utiliza cookies y otros mecanismos similares de almacenamiento y recuperaci\u00f3n de datos en equipos terminales (en adelante, cookies).<\/p>\n<p>Las cookies son ficheros que se descargan en el navegador del Usuario y que posteriormente pueden ser le\u00eddas por la entidad. De este modo, las cookies permiten diversas funcionalidades como, por ejemplo, reconocer a un Usuario que ya ha accedido anteriormente a la p\u00e1gina web y poder analizar el uso que se hace del servicio web para mejorarlo.<\/p>\n<p>No obstante, no es posible determinar la identidad del Usuario a partir de las cookies utilizadas por la entidad, salvo que el Usuario proporcione informaci\u00f3n adicional por otros medios, y \u00e9stos pudieran estar vinculados a las cookies que se ha descargado.<\/p>\n<p><\/p>\n<p>Para m\u00e1s informaci\u00f3n, consulte la [Pol\u00edtica de cookies].<\/p>\n<p><\/p>\n<p>5.2. Formulario de contacto:<\/p>\n<p><\/p>\n<p>RENTSODY - SMART VACATION RENTALS tratar\u00e1 los datos facilitados a trav\u00e9s del formulario de contacto, para responder a la solicitud de contacto.<\/p>\n<p><\/p>\n<p>Base legal: La base legal que legitima el tratamiento es el consentimiento del usuario expresado en el momento de enviar su solicitud de contacto.<\/p>\n<p>Per\u00edodo de conservaci\u00f3n: Los datos ser\u00e1n tratados durante el tiempo necesario para resolver la solicitud de contacto del usuario. Posteriormente ser\u00e1n bloqueados y conservados durante el tiempo necesario para poder hacer frente a posibles responsabilidades derivadas del tratamiento.<\/p>\n<p>Usted podr\u00e1 retirar el consentimiento prestado y ejercer sus derechos en cualquier momento, tal y como se indica en el apartado de derechos de los interesados de la presente Pol\u00edtica de Privacidad.<\/p>\n<p>5.2.1. Formulario de suscripci\u00f3n:<\/p>\n<p><\/p>\n<p>RENTSODY - SMART VACATION RENTALS tratar\u00e1 los datos facilitados a trav\u00e9s del formulario de suscripci\u00f3n, con la finalidad de remitirle comunicaciones y as\u00ed mantenerle informado sobre los productos, servicios, eventos, o novedades de RENTSODY - SMART VACATION RENTALS.<\/p>\n<p><\/p>\n<p>Base legal: La base legal que legitima este tratamiento es su consentimiento expresado en el momento de enviar su solicitud de suscripci\u00f3n.<\/p>\n<p>Plazo de conservaci\u00f3n: Los datos ser\u00e1n tratados indefinidamente hasta que revoque su consentimiento o solicite la supresi\u00f3n de sus datos.<\/p>\n<p>Puede obtener m\u00e1s informaci\u00f3n sobre comunicaciones comerciales en la secci\u00f3n de comunicaciones de esta Pol\u00edtica de Privacidad.<\/p>\n<p><\/p>\n<p>Usted podr\u00e1 retirar el consentimiento prestado y ejercer sus derechos en cualquier momento, tal y como se indica en el apartado de derechos de los interesados de la presente Pol\u00edtica de Privacidad.<\/p>\n<p><\/p>\n<p><b>6. ENV\u00cdO DE COMUNICACIONES COMERCIALES<\/b><\/p>\n<p><\/p>\n<p>RENTSODY - SMART VACATION RENTALS informa al usuario que las comunicaciones comerciales solicitadas por el usuario o si \u00e9ste no se ha opuesto a su recepci\u00f3n marcando las casillas correspondientes en los formularios, ser\u00e1n remitidas a trav\u00e9s de la herramienta Mailchimp, gestionada por la empresa. The Rocket Science Group LLC cuyos servidores se encuentran en Estados Unidos, pa\u00eds cuya legislaci\u00f3n no ofrece un nivel de protecci\u00f3n de datos equivalente al europeo; no obstante, se ofrecen las garant\u00edas adecuadas de protecci\u00f3n de datos mediante la suscripci\u00f3n de las Cl\u00e1usulas Contractuales Tipo aprobadas por la Decisi\u00f3n 2021\/914\/UE de la Comisi\u00f3n Europea.<\/p>\n<p><\/p>\n<p>La herramienta utilizada para el env\u00edo de comunicaciones comerciales por correo electr\u00f3nico incluir\u00e1 enlaces e im\u00e1genes diminutas y transparentes que se asociar\u00e1n a su direcci\u00f3n de correo electr\u00f3nico. De esta forma, cuando se descargue una de estas im\u00e1genes o se acceda a los enlaces contenidos en el correo electr\u00f3nico, RENTSODY - SMART VACATION RENTALS podr\u00e1 conocer a efectos estad\u00edsticos si el correo electr\u00f3nico ha sido abierto o si se ha accedido a un enlace desde dicho correo electr\u00f3nico. . Usted puede evitar estos usos configurando su gestor o programa de correo electr\u00f3nico para impedir la descarga autom\u00e1tica de im\u00e1genes, as\u00ed como no accediendo a los enlaces incluidos en los correos electr\u00f3nicos que reciba.<\/p>\n<p><\/p>\n<p>En cada comunicaci\u00f3n, el usuario podr\u00e1 oponerse a recibir este tipo de informaci\u00f3n a trav\u00e9s de los mecanismos espec\u00edficos para tramitar la baja, as\u00ed como solicitar, en su caso, su derecho de revocaci\u00f3n del consentimiento, oposici\u00f3n o supresi\u00f3n.<\/p>\n<p><\/p>\n<p><b>7. MEDIDAS DE SEGURIDAD<\/b><\/p>\n<p>La Sociedad ha adoptado las medidas de \u00edndole t\u00e9cnica y organizativas necesarias que garanticen la seguridad de los datos de car\u00e1cter personal y eviten su alteraci\u00f3n, p\u00e9rdida, tratamiento o acceso no autorizado, habida cuenta del estado de la tecnolog\u00eda, la naturaleza de los datos almacenados y los riesgos a que est\u00e1n expuestos, ya provengan de la acci\u00f3n humana o del medio f\u00edsico o natural.<\/p>\n<p><\/p>\n<p><b>8. M\u00c1S INFORMACI\u00d3N<\/b><\/p>\n<p>Si el usuario tiene alguna pregunta sobre la informaci\u00f3n recogida en nuestra Pol\u00edtica de Privacidad, puede enviar un correo electr\u00f3nico a: gdpr@rentsody.com<\/p>\t\t\t\t\t\t<\/div>\n\t\t\t\t<\/div>\n\t\t\t\t\t<\/div>\n\t\t<\/div>\n\t\t\t\t\t<\/div>\n\t\t<\/section>\n\t\t\t\t<\/div>","protected":false},"excerpt":{"rendered":"<p>1. RESPONSABLE DEL SITIO WEB Este sitio web es responsabilidad de NUBEXX SOFTWARE HR, SL con CIF B01877042, domicilio en Calle Califato, 5, 04638 Moj\u00e1car, Almer\u00eda, entidad inscrita en el Registro Mercantil de Almer\u00eda al tomo 2065, folio 117, hoja AL-57653, inscripci\u00f3n 1\u00aa. (en adelante, RENTSODY - SMART VACATION RENTALS). 2. MOTIVACI\u00d3N La entidad respeta [...]<\/p>","protected":false},"author":1,"featured_media":0,"parent":0,"menu_order":0,"comment_status":"closed","ping_status":"closed","template":"","meta":{"footnotes":""},"class_list":["post-4457","page","type-page","status-publish","hentry"],"_links":{"self":[{"href":"https:\/\/rentsody.es\/es\/wp-json\/wp\/v2\/pages\/4457","targetHints":{"allow":["GET"]}}],"collection":[{"href":"https:\/\/rentsody.es\/es\/wp-json\/wp\/v2\/pages"}],"about":[{"href":"https:\/\/rentsody.es\/es\/wp-json\/wp\/v2\/types\/page"}],"author":[{"embeddable":true,"href":"https:\/\/rentsody.es\/es\/wp-json\/wp\/v2\/users\/1"}],"replies":[{"embeddable":true,"href":"https:\/\/rentsody.es\/es\/wp-json\/wp\/v2\/comments?post=4457"}],"version-history":[{"count":4,"href":"https:\/\/rentsody.es\/es\/wp-json\/wp\/v2\/pages\/4457\/revisions"}],"predecessor-version":[{"id":4461,"href":"https:\/\/rentsody.es\/es\/wp-json\/wp\/v2\/pages\/4457\/revisions\/4461"}],"wp:attachment":[{"href":"https:\/\/rentsody.es\/es\/wp-json\/wp\/v2\/media?parent=4457"}],"curies":[{"name":"wp","href":"https:\/\/api.w.org\/{rel}","templated":true}]}}