{"id":4462,"date":"2024-04-19T08:01:21","date_gmt":"2024-04-19T06:01:21","guid":{"rendered":"https:\/\/rentsody.com\/?page_id=4462"},"modified":"2024-04-19T08:02:28","modified_gmt":"2024-04-19T06:02:28","slug":"social-networks-policy","status":"publish","type":"page","link":"https:\/\/rentsody.es\/es\/politica-de-redes-sociales\/","title":{"rendered":"Pol\u00edtica de redes sociales"},"content":{"rendered":"<div data-elementor-type=\"wp-page\" data-elementor-id=\"4462\" class=\"elementor elementor-4462\" data-elementor-post-type=\"page\">\n\t\t\t\t\t\t<section class=\"elementor-section elementor-top-section elementor-element elementor-element-961d5f8 elementor-section-boxed elementor-section-height-default elementor-section-height-default\" data-id=\"961d5f8\" data-element_type=\"section\">\n\t\t\t\t\t\t<div class=\"elementor-container elementor-column-gap-default\">\n\t\t\t\t\t<div class=\"elementor-column elementor-col-100 elementor-top-column elementor-element elementor-element-7b6719d\" data-id=\"7b6719d\" data-element_type=\"column\">\n\t\t\t<div class=\"elementor-widget-wrap elementor-element-populated\">\n\t\t\t\t\t\t<div class=\"elementor-element elementor-element-fa01a3b elementor-widget elementor-widget-heading\" data-id=\"fa01a3b\" data-element_type=\"widget\" data-widget_type=\"heading.default\">\n\t\t\t\t<div class=\"elementor-widget-container\">\n\t\t\t<style>\/*! elementor - v3.22.0 - 24-06-2024 *\/\n.elementor-heading-title{padding:0;margin:0;line-height:1}.elementor-widget-heading .elementor-heading-title[class*=elementor-size-]>a{color:inherit;font-size:inherit;line-height:inherit}.elementor-widget-heading .elementor-heading-title.elementor-size-small{font-size:15px}.elementor-widget-heading .elementor-heading-title.elementor-size-medium{font-size:19px}.elementor-widget-heading .elementor-heading-title.elementor-size-large{font-size:29px}.elementor-widget-heading .elementor-heading-title.elementor-size-xl{font-size:39px}.elementor-widget-heading .elementor-heading-title.elementor-size-xxl{font-size:59px}<\/style><h2 class=\"elementor-heading-title elementor-size-default\">Pol\u00edtica de redes sociales<\/h2>\t\t<\/div>\n\t\t\t\t<\/div>\n\t\t\t\t\t<\/div>\n\t\t<\/div>\n\t\t\t\t\t<\/div>\n\t\t<\/section>\n\t\t\t\t<section class=\"elementor-section elementor-top-section elementor-element elementor-element-dbabb7a elementor-section-boxed elementor-section-height-default elementor-section-height-default\" data-id=\"dbabb7a\" data-element_type=\"section\">\n\t\t\t\t\t\t<div class=\"elementor-container elementor-column-gap-default\">\n\t\t\t\t\t<div class=\"elementor-column elementor-col-100 elementor-top-column elementor-element elementor-element-10210d7\" data-id=\"10210d7\" data-element_type=\"column\">\n\t\t\t<div class=\"elementor-widget-wrap elementor-element-populated\">\n\t\t\t\t\t\t<div class=\"elementor-element elementor-element-1f272fd elementor-widget elementor-widget-text-editor\" data-id=\"1f272fd\" data-element_type=\"widget\" data-widget_type=\"text-editor.default\">\n\t\t\t\t<div class=\"elementor-widget-container\">\n\t\t\t<style>\/*! elementor - v3.22.0 - 24-06-2024 *\/\n.elementor-widget-text-editor.elementor-drop-cap-view-stacked .elementor-drop-cap{background-color:#69727d;color:#fff}.elementor-widget-text-editor.elementor-drop-cap-view-framed .elementor-drop-cap{color:#69727d;border:3px solid;background-color:transparent}.elementor-widget-text-editor:not(.elementor-drop-cap-view-default) .elementor-drop-cap{margin-top:8px}.elementor-widget-text-editor:not(.elementor-drop-cap-view-default) .elementor-drop-cap-letter{width:1em;height:1em}.elementor-widget-text-editor .elementor-drop-cap{float:left;text-align:center;line-height:1;font-size:50px}.elementor-widget-text-editor .elementor-drop-cap-letter{display:inline-block}<\/style>\t\t\t\t<p><span style=\"font-size: 1rem;\"><b>1. CUENTA RESPONSABLE<\/b><\/span><br><\/p>\n<p><\/p>\n<p>Esta cuenta es responsabilidad de NUBEXX SOFTWARE HR, SL (en adelante, RENTSODY - SMART VACATION RENTALS) con domicilio en Calle Califato, 5, 05638 Moj\u00e1car, Almer\u00eda y con CIF B01877042, entidad inscrita en el Registro Mercantil de Almer\u00eda al tomo 2065, folio 117, al folio AL-57653, inscripci\u00f3n 1\u00aa.<\/p>\n<p><\/p>\n<p><b>2. MOTIVACI\u00d3N<\/b><\/p>\n<p><\/p>\n<p>El presente documento tiene por objeto informar a los Usuarios de las p\u00e1ginas oficiales de RENTSODY - SMART VACATION RENTALS en las redes sociales de Internet y plataformas de v\u00eddeo online (en adelante, conjuntamente denominadas Redes Sociales) sobre el tratamiento de sus datos de car\u00e1cter personal.<\/p>\n<p><\/p>\n<p><b>3. PROTECCI\u00d3N DE DATOS PERSONALES<\/b><\/p>\n<p><\/p>\n<p>3.1. Qu\u00e9 datos se tratan<\/p>\n<p><\/p>\n<p>Con car\u00e1cter general, RENTSODY - SMART VACATION RENTALS no extrae datos de las Redes Sociales. RENTSODY - SMART VACATION RENTALS \u00fanicamente tiene acceso a los datos que el usuario haya decidido publicar en las Redes Sociales, tales como su nombre, alias, apodo, su fotograf\u00eda o avatar, y el resto de datos incluidos en el perfil del usuario.<\/p>\n<p><\/p>\n<p>3.2. \u00bfPara qu\u00e9 se utilizan estos datos?<\/p>\n<p><\/p>\n<p>Estos datos se utilizan \u00fanicamente para gestionar el uso normal de las Redes Sociales, pudiendo responder de forma p\u00fablica o privada a los Usuarios, dependiendo de la situaci\u00f3n, o volver a publicar un mensaje escrito por un Usuario utilizando las herramientas o funciones facilitadas a tal efecto por las Redes Sociales. .<\/p>\n<p><\/p>\n<p>3.3. Destinatarios de los datos<\/p>\n<p><\/p>\n<p>Con car\u00e1cter general, RENTSODY - SMART VACATION RENTALS no extrae datos de los Usuarios de las Redes Sociales ni los comunica a terceros; No obstante, el simple uso de las herramientas o funcionalidades de la red social (como mencionar o republicar un mensaje) implica la comunicaci\u00f3n de sus datos al resto de usuarios de la Red Social en cuesti\u00f3n.<\/p>\n<p><\/p>\n<p>El Usuario debe ser consciente de las consecuencias del uso de las Redes Sociales.<\/p>\n<p><\/p>\n<p>3.4. Alojamiento de datos<\/p>\n<p><\/p>\n<p>Con car\u00e1cter general, RENTSODY - SMART VACATION RENTALS no extrae datos de los Usuarios de las Redes Sociales, por lo que los datos son alojados exclusivamente en los sistemas de informaci\u00f3n de la Red Social en cuesti\u00f3n.<\/p>\n<p><\/p>\n<p>Normalmente, estos sistemas estar\u00e1n ubicados en pa\u00edses no pertenecientes a la Uni\u00f3n Europea cuya legislaci\u00f3n no ofrezca un nivel adecuado de protecci\u00f3n de datos a discreci\u00f3n de las autoridades europeas.<\/p>\n<p><\/p>\n<p>RENTSODY - SMART VACATION RENTALS recomienda al usuario consultar las condiciones de privacidad de la Red Social en cuesti\u00f3n y verificar las garant\u00edas que ofrece en materia de protecci\u00f3n de datos.<\/p>\n<p><\/p>\n<p>3.5. Base jur\u00eddica que legitima el tratamiento<\/p>\n<p><\/p>\n<p>La base legal que legitima los tratamientos indicados es el consentimiento expreso del Usuario, prestado a trav\u00e9s de la aceptaci\u00f3n de las condiciones de privacidad de la Red Social en cuesti\u00f3n y la vinculaci\u00f3n con RENTSODY - SMART VACATION RENTALS que el Usuario haya autorizado o solicitado.<\/p>\n<p><\/p>\n<p>El consentimiento podr\u00e1 ser revocado en cualquier momento a trav\u00e9s de los mecanismos de la Red Social para deshacer el enlace con RENTSODY - SMART VACATION RENTALS.<\/p>\n<p><\/p>\n<p>3.6. Per\u00edodo de tratamiento de los datos<\/p>\n<p><\/p>\n<p>Debido a la naturaleza del tratamiento realizado por RENTSODY - SMART VACATION RENTALS, los datos de los Usuarios de Redes Sociales ser\u00e1n tratados indefinidamente hasta que el Usuario ejerza su derecho de supresi\u00f3n.<\/p>\n<p><\/p>\n<p>3.7. Qu\u00e9 derechos tiene el Usuario y c\u00f3mo ejercerlos<\/p>\n<p><\/p>\n<p>La normativa sobre protecci\u00f3n de datos garantiza a los Usuarios los siguientes derechos:<\/p>\n<p><\/p>\n<p>Acceso: Permite al Usuario saber qu\u00e9 informaci\u00f3n est\u00e1 disponible, d\u00f3nde se obtuvo, a qui\u00e9n se proporcion\u00f3 y para qu\u00e9 usos se utiliz\u00f3.<\/p>\n<p>Rectificaci\u00f3n: Permite al Usuario rectificar cualquier dato err\u00f3neo o desactualizado.<\/p>\n<p>Supresi\u00f3n: Permite al Usuario que sus datos dejen de ser tratados.<\/p>\n<p>Oposici\u00f3n: Permite al Usuario dejar de utilizar sus datos para un fin concreto.<\/p>\n<p>Limitaci\u00f3n: Permite al Usuario restringir el tratamiento de sus datos, pero de forma que se conserven para una finalidad posterior.<\/p>\n<p>Portabilidad: Permite al Usuario obtener una copia de sus datos en formato electr\u00f3nico y, en determinadas circunstancias, solicitar que sean comunicados a otro prestador de servicios. S\u00f3lo es aplicable a los tratamientos informatizados realizados con el consentimiento del Usuario o para el cumplimiento de un contrato.<\/p>\n<p>El Usuario podr\u00e1 solicitar el ejercicio de estos derechos a RENTSODY - SMART VACATION RENTALS mediante correo postal a la direcci\u00f3n indicada, acreditando su identidad, concretando su solicitud y acreditando, adem\u00e1s, su condici\u00f3n de Usuario de una determinada Red Social.<\/p>\n<p><\/p>\n<p>No obstante, con car\u00e1cter general, RENTSODY - SMART VACATION RENTALS no extrae los datos de los Usuarios de las Redes Sociales, por lo que habr\u00e1 determinados derechos que RENTSODY - SMART VACATION RENTALS no podr\u00e1 facilitar a los Usuarios.<\/p>\n<p><\/p>\n<p>Si el Usuario desea m\u00e1s informaci\u00f3n al respecto o considera vulnerado su derecho a la protecci\u00f3n de datos, puede presentar una reclamaci\u00f3n ante la Agencia Espa\u00f1ola de Protecci\u00f3n de Datos (www.aepd.es).<\/p>\n<p><\/p>\n<p><b>4. RESPONSABILIDAD DE LAS REDES SOCIALES<\/b><\/p>\n<p><\/p>\n<p>RENTSODY - SMART VACATION RENTALS no es responsable de los actos, herramientas, mecanismos, funciones o procedimientos de las Redes Sociales.<\/p>\n<p><\/p>\n<p>Cualquier reclamaci\u00f3n por una infracci\u00f3n causada por una Red Social concreta deber\u00e1 dirigirse contra la empresa gestora o responsable de la propia Red Social.<\/p>\t\t\t\t\t\t<\/div>\n\t\t\t\t<\/div>\n\t\t\t\t\t<\/div>\n\t\t<\/div>\n\t\t\t\t\t<\/div>\n\t\t<\/section>\n\t\t\t\t<\/div>","protected":false},"excerpt":{"rendered":"<p>1. RESPONSABLE DE LA CUENTA Esta cuenta es responsabilidad de NUBEXX SOFTWARE HR, SL (en adelante, RENTSODY - SMART VACATION RENTALS) con domicilio en Calle Califato, 5, 05638 Moj\u00e1car, Almer\u00eda y con CIF B01877042, entidad inscrita en el Registro Mercantil de Almer\u00eda al tomo 2065, folio 117, al folio AL-57653, inscripci\u00f3n 1\u00aa. 2. MOTIVACI\u00d3N El objeto de [...]<\/p>","protected":false},"author":1,"featured_media":0,"parent":0,"menu_order":0,"comment_status":"closed","ping_status":"closed","template":"","meta":{"footnotes":""},"class_list":["post-4462","page","type-page","status-publish","hentry"],"_links":{"self":[{"href":"https:\/\/rentsody.es\/es\/wp-json\/wp\/v2\/pages\/4462","targetHints":{"allow":["GET"]}}],"collection":[{"href":"https:\/\/rentsody.es\/es\/wp-json\/wp\/v2\/pages"}],"about":[{"href":"https:\/\/rentsody.es\/es\/wp-json\/wp\/v2\/types\/page"}],"author":[{"embeddable":true,"href":"https:\/\/rentsody.es\/es\/wp-json\/wp\/v2\/users\/1"}],"replies":[{"embeddable":true,"href":"https:\/\/rentsody.es\/es\/wp-json\/wp\/v2\/comments?post=4462"}],"version-history":[{"count":4,"href":"https:\/\/rentsody.es\/es\/wp-json\/wp\/v2\/pages\/4462\/revisions"}],"predecessor-version":[{"id":4466,"href":"https:\/\/rentsody.es\/es\/wp-json\/wp\/v2\/pages\/4462\/revisions\/4466"}],"wp:attachment":[{"href":"https:\/\/rentsody.es\/es\/wp-json\/wp\/v2\/media?parent=4462"}],"curies":[{"name":"wp","href":"https:\/\/api.w.org\/{rel}","templated":true}]}}