{"id":4467,"date":"2024-04-19T08:03:21","date_gmt":"2024-04-19T06:03:21","guid":{"rendered":"https:\/\/rentsody.com\/?page_id=4467"},"modified":"2024-04-19T08:04:15","modified_gmt":"2024-04-19T06:04:15","slug":"cookie-consent","status":"publish","type":"page","link":"https:\/\/rentsody.es\/es\/uso-de-cookies\/","title":{"rendered":"Consentimiento de cookies"},"content":{"rendered":"<div data-elementor-type=\"wp-page\" data-elementor-id=\"4467\" class=\"elementor elementor-4467\" data-elementor-post-type=\"page\">\n\t\t\t\t\t\t<section class=\"elementor-section elementor-top-section elementor-element elementor-element-961d5f8 elementor-section-boxed elementor-section-height-default elementor-section-height-default\" data-id=\"961d5f8\" data-element_type=\"section\">\n\t\t\t\t\t\t<div class=\"elementor-container elementor-column-gap-default\">\n\t\t\t\t\t<div class=\"elementor-column elementor-col-100 elementor-top-column elementor-element elementor-element-7b6719d\" data-id=\"7b6719d\" data-element_type=\"column\">\n\t\t\t<div class=\"elementor-widget-wrap elementor-element-populated\">\n\t\t\t\t\t\t<div class=\"elementor-element elementor-element-fa01a3b elementor-widget elementor-widget-heading\" data-id=\"fa01a3b\" data-element_type=\"widget\" data-widget_type=\"heading.default\">\n\t\t\t\t<div class=\"elementor-widget-container\">\n\t\t\t<style>\/*! elementor - v3.22.0 - 24-06-2024 *\/\n.elementor-heading-title{padding:0;margin:0;line-height:1}.elementor-widget-heading .elementor-heading-title[class*=elementor-size-]>a{color:inherit;font-size:inherit;line-height:inherit}.elementor-widget-heading .elementor-heading-title.elementor-size-small{font-size:15px}.elementor-widget-heading .elementor-heading-title.elementor-size-medium{font-size:19px}.elementor-widget-heading .elementor-heading-title.elementor-size-large{font-size:29px}.elementor-widget-heading .elementor-heading-title.elementor-size-xl{font-size:39px}.elementor-widget-heading .elementor-heading-title.elementor-size-xxl{font-size:59px}<\/style><h2 class=\"elementor-heading-title elementor-size-default\">Consentimiento de cookies<\/h2>\t\t<\/div>\n\t\t\t\t<\/div>\n\t\t\t\t\t<\/div>\n\t\t<\/div>\n\t\t\t\t\t<\/div>\n\t\t<\/section>\n\t\t\t\t<section class=\"elementor-section elementor-top-section elementor-element elementor-element-dbabb7a elementor-section-boxed elementor-section-height-default elementor-section-height-default\" data-id=\"dbabb7a\" data-element_type=\"section\">\n\t\t\t\t\t\t<div class=\"elementor-container elementor-column-gap-default\">\n\t\t\t\t\t<div class=\"elementor-column elementor-col-100 elementor-top-column elementor-element elementor-element-10210d7\" data-id=\"10210d7\" data-element_type=\"column\">\n\t\t\t<div class=\"elementor-widget-wrap elementor-element-populated\">\n\t\t\t\t\t\t<div class=\"elementor-element elementor-element-1f272fd elementor-widget elementor-widget-text-editor\" data-id=\"1f272fd\" data-element_type=\"widget\" data-widget_type=\"text-editor.default\">\n\t\t\t\t<div class=\"elementor-widget-container\">\n\t\t\t<style>\/*! elementor - v3.22.0 - 24-06-2024 *\/\n.elementor-widget-text-editor.elementor-drop-cap-view-stacked .elementor-drop-cap{background-color:#69727d;color:#fff}.elementor-widget-text-editor.elementor-drop-cap-view-framed .elementor-drop-cap{color:#69727d;border:3px solid;background-color:transparent}.elementor-widget-text-editor:not(.elementor-drop-cap-view-default) .elementor-drop-cap{margin-top:8px}.elementor-widget-text-editor:not(.elementor-drop-cap-view-default) .elementor-drop-cap-letter{width:1em;height:1em}.elementor-widget-text-editor .elementor-drop-cap{float:left;text-align:center;line-height:1;font-size:50px}.elementor-widget-text-editor .elementor-drop-cap-letter{display:inline-block}<\/style>\t\t\t\t<p><b>1. INFORMACI\u00d3N GENERAL<\/b><\/p>\n<p>A continuaci\u00f3n, se ofrece al Usuario informaci\u00f3n general sobre qu\u00e9 son las cookies y qu\u00e9 tipos de cookies existen.<\/p>\n<p><\/p>\n<p><span class=\"s2\">\u00bfQu\u00e9 son las cookies?<\/span><\/p>\n<p>Cookies y otros dispositivos similares, como p\u00edxeles, web bugs, etc. Son archivos de texto o imagen que se instalan en el navegador del usuario cuando accede a un servicio en l\u00ednea.<\/p>\n<p><\/p>\n<p>Las cookies permiten, entre otras cosas, almacenar y recuperar informaci\u00f3n sobre el usuario, su navegador, sus dispositivos y la actividad del usuario en el servicio al que se conecta.<\/p>\n<p><\/p>\n<p><span class=\"s2\">\u00bfQu\u00e9 tipos de cookies existen?<\/span><\/p>\n<p>Existen muchos tipos de cookies. A continuaci\u00f3n, ofrecemos al usuario algunas clasificaciones de las mismas,sin que ello implique necesariamente que este servicio utilice todos estos tipos de cookies:<\/p>\n<p><\/p>\n<p>Seg\u00fan la entidad que gestione las cookies:<\/p>\n<p>Cookies propias: son aqu\u00e9llas que se env\u00edan al equipo o terminal del usuario desde el equipo o dominio del titular de un servicio y gestionadas por \u00e9ste.<\/p>\n<p>Cookies de terceros: son aqu\u00e9llas que se env\u00edan al equipo o terminal del usuario desde un equipo o dominio que no es gestionado por el titular de un servicio, sino por un tercero que tratar\u00e1 la informaci\u00f3n obtenida trav\u00e9s de las cookies.<\/p>\n<p>Seg\u00fan el tiempo de conservaci\u00f3n:<\/p>\n<p>Cookies de sesi\u00f3n: son aqu\u00e9llas que recaban y almacenan datos cuando el usuario accede a un servicio y dejan de hacerlo cuando abandona el mismo.<\/p>\n<p>Cookies persistentes: son aqu\u00e9llas que tienen una duraci\u00f3n determinada en el tiempo por el responsable del servicio. El tiempo de conservaci\u00f3n puede variar desde unos minutos a varios a\u00f1os. Se utilizan para guardar y recuperar ciertos par\u00e1metros cada vez que el usuario visita un servicio.<\/p>\n<p>Seg\u00fan su finalidad:<\/p>\n<p>Cookies t\u00e9cnicas: Son aqu\u00e9llas imprescindibles y estrictamente necesarias para el correcto funcionamiento y utilizaci\u00f3n de las diferentes opciones o servicios que ofrece el responsable de la misma; por ejemplo, las que sirven para el mantenimiento de la sesi\u00f3n, la gesti\u00f3n del tiempo de respuesta, rendimiento o validaci\u00f3n de opciones, utilizar elementos de seguridad, etc.<\/p>\n<p>Cookies de personalizaci\u00f3n: son aqu\u00e9llas que permiten al usuario especificar o personalizar algunas caracter\u00edsticas de un servicio. Por ejemplo, definir el idioma, configuraci\u00f3n regional o tipo de navegador.<\/p>\n<p>Cookies de an\u00e1lisis: Son aqu\u00e9llas que permiten cuantificar el n\u00famero de visitantes \u00fanicos y as\u00ed realizar la medici\u00f3n y an\u00e1lisis estad\u00edstico de la utilizaci\u00f3n que hacen los usuarios del servicio ofertado. Por ejemplo, mediante una cookie anal\u00edtica se controlar\u00edan las \u00e1reas geogr\u00e1ficas desde donde se conectan los mayores porcentajes de usuarios, cu\u00e1l es el producto o servicio que m\u00e1s aceptaci\u00f3n tiene, etc.<\/p>\n<p>Cookies publicitarias: son aquellas que permiten la gesti\u00f3n de los espacios publicitarios de un servicio.<\/p>\n<p>Cookies de publicidad comportamental: son aqu\u00e9llas que permiten la gesti\u00f3n de los espacios publicitarios de un servicio. La funci\u00f3n de estas cookies es almacenar informaci\u00f3n sobre el comportamiento de los usuarios de un servicio, para mostrar posteriormente publicidad personalizada.<\/p>\n<p>Otras tecnolog\u00edas:<\/p>\n<p>P\u00edxeles, web bugs o rastreadores tambi\u00e9n conocidos como p\u00edxeles de seguimiento, tracking pixel, pixel tag o p\u00edxeles de conversi\u00f3n, web beacons o balizas web. Son diminutas im\u00e1genes de 1\u00d71 p\u00edxeles transparentes que se insertan en un servicio para medir su actividad. Una vez cargada una determinada p\u00e1gina del servicio en un navegador, se cargar\u00e1 dicha imagen y se podr\u00e1n medir estos datos. En general, los p\u00edxeles de seguimiento permiten conocer el recorrido que una determinada IP de usuario ha realizado en un servicio en l\u00ednea.<\/p>\n<p>Almacenamiento HTML5: Consiste en aprovechar las capacidades de la tecnolog\u00eda HTML5 para almacenar ciertos par\u00e1metros en el navegador del usuario que pueden ser utilizados para identificar el navegador del usuario.<\/p>\n<p>Local shared objects (LSO): tambi\u00e9n conocidas como \"flash cookies\", consisten en el almacenamiento de informaci\u00f3n sin cookies en el ordenador del usuario, aprovechando la tecnolog\u00eda de Adobe Flash Player.<\/p>\n<p>Etags : Se trata de un mecanismo del protocolo HTTP que permite validar la cach\u00e9 que el usuario guarda en su navegador web. Esta tecnolog\u00eda se utiliza principalmente para ahorrar ancho de banda, evitando descargas duplicadas de contenidos. Sin embargo, tambi\u00e9n es posible utilizarla para reconocer el navegador del usuario.<\/p>\n<p>Canvas fingerprinting : consiste en la generaci\u00f3n de un formulario \u00fanico en el navegador del usuario aprovechando la tecnolog\u00eda del est\u00e1ndar web HTML5 para identificar el ordenador del usuario.<\/p>\n<p>Descubrimiento de fuentes: Esta t\u00e9cnica consiste en identificar la configuraci\u00f3n de fuentes del ordenador del usuario para obtener una identificaci\u00f3n \u00fanica del ordenador.<\/p>\n<p>Cach\u00e9 del navegador: como su nombre indica, esta t\u00e9cnica consiste en almacenar informaci\u00f3n en la cach\u00e9 del navegador.<\/p>\n<p>WebGL : Esta t\u00e9cnica permite aprovechar las capacidades de renderizado de figuras tridimensionales de los navegadores modernos para obtener una identificaci\u00f3n \u00fanica del ordenador, debido a las diferentes configuraciones de cada uno.<\/p>\n<p><\/p>\n<p><\/p>\n<p><\/p>\n<p><b>2. INFORMACI\u00d3N ESPEC\u00cdFICA<\/b><\/p>\n<p><\/p>\n<p><span class=\"s2\">\u00bfQui\u00e9n es responsable de este servicio?<\/span><\/p>\n<p>Este sitio web es responsabilidad de NUBEXX SOFTWARE HR, SL con CIF B01877042, domicilio en Calle Califato, 5, 04638 Moj\u00e1car, Almer\u00eda, entidad inscrita en el Registro Mercantil de Almer\u00eda al tomo 2065, folio 117, hoja AL-57653, inscripci\u00f3n 1\u00aa. (en adelante, RENTSODY - SMART VACATION RENTALS).<\/p>\n<p><\/p>\n<p><span class=\"s2\">\u00bfQu\u00e9 tecnolog\u00edas utilizamos?<\/span><\/p>\n<p>En concreto, este servicio en l\u00ednea utiliza cookies y otros dispositivos similares para los siguientes fines:<\/p>\n<table>\n<tbody>\n<tr>\n<td class=\"s3\">\n<div>\n<p><span class=\"s2\">Prop\u00f3sito<\/span><\/p>\n<\/div>\n<\/td>\n<td class=\"s3\">\n<div>\n<p><span class=\"s2\">Persistencia<\/span><\/p>\n<\/div>\n<\/td>\n<td class=\"s3\">\n<div>\n<p><span class=\"s2\">Origen\/Proveedor<\/span><\/p>\n<\/div>\n<\/td>\n<td class=\"s3\">\n<div>\n<p><span class=\"s2\">Seguir leyendo<\/span><\/p>\n<\/div>\n<\/td>\n<\/tr>\n<tr>\n<td class=\"s3\">\n<div>\n<p>T\u00e9cnicas<\/p>\n<\/div>\n<\/td>\n<td class=\"s3\">\n<div>\n<p>1 a\u00f1o<\/p>\n<\/div>\n<\/td>\n<td class=\"s3\">\n<div>\n<p>Propio<\/p>\n<\/div>\n<\/td>\n<td class=\"s3\">\n<div>\n<p>Esta cookie se instala para recordar las preferencias de consentimiento de los usuarios, de modo que se respeten sus preferencias en posteriores visitas a este sitio. No recoge ni almacena ninguna informaci\u00f3n personal de los visitantes del sitio.<\/p>\n<\/div>\n<\/td>\n<\/tr>\n<tr>\n<td class=\"s3\">\n<div>\n<p>Anal\u00edtica<\/p>\n<\/div>\n<\/td>\n<td class=\"s3\">\n<div>\n<p>1 a\u00f1o<\/p>\n<\/div>\n<\/td>\n<td class=\"s3\">\n<div>\n<p>Google (*)<\/p>\n<\/div>\n<\/td>\n<td class=\"s3\">\n<div>\n<p><a href=\"https:\/\/developers.google.com\/analytics\/devguides\/collection\/analyticsjs\/cookie-usage\"><span class=\"s4\">Google <\/span><\/a><a href=\"https:\/\/developers.google.com\/analytics\/devguides\/collection\/analyticsjs\/cookie-usage\"><span class=\"s4\">enlace<\/span><\/a><\/p>\n<\/div>\n<\/td>\n<\/tr>\n<tr>\n<td class=\"s3\">\n<div>\n<p>Idioma<\/p>\n<\/div>\n<\/td>\n<td class=\"s3\">\n<div>\n<p>Sesi\u00f3n<\/p>\n<\/div>\n<\/td>\n<td class=\"s3\">\n<div>\n<p>Propio<\/p>\n<\/div>\n<\/td>\n<td class=\"s3\">\n<div>\n<p>Recordar la lengua seleccionada durante la sesi\u00f3n<\/p>\n<\/div>\n<\/td>\n<\/tr>\n<\/tbody>\n<\/table>\n<p><span class=\"s2\">(*) Proveedores no ubicados en la Uni\u00f3n Europea o en pa\u00edses con legislaci\u00f3n equivalente en materia de protecci\u00f3n de datos.<\/span><\/p>\n<p><\/p>\n<p>La informaci\u00f3n obtenida a trav\u00e9s de estas cookies es almacenada en servidores de los proveedores indicados, que se encuentran ubicados en pa\u00edses no pertenecientes a la Uni\u00f3n Europea, generalmente ubicados en Estados Unidos, pa\u00eds cuya legislaci\u00f3n no garantiza un nivel adecuado de protecci\u00f3n de datos a su discreci\u00f3n. de las autoridades europeas. Al consentir el uso de estas cookies, tambi\u00e9n consiente la transferencia internacional de sus datos personales a los pa\u00edses de los proveedores indicados.<\/p>\n<p><span class=\"s2\">\u00bfC\u00f3mo desactivar o eliminar las cookies?<\/span><\/p>\n<p>Al acceder al servicio por primera vez, el usuario ver\u00e1 un aviso de cookies que le informar\u00e1 de c\u00f3mo puede dar o denegar su consentimiento.<\/p>\n<p>Si el usuario ha dado su consentimiento, podr\u00e1 desactivar o eliminar las cookies mostradas en cualquier momento mediante la configuraci\u00f3n de las opciones del navegador utilizado en su dispositivo o terminal.<\/p>\n<p>No obstante, el usuario debe tener en cuenta que, si rechaza o borra las cookies, no podremos mantener sus preferencias y algunas caracter\u00edsticas no estar\u00e1n operativas, por lo que no podremos ofrecerle servicios personalizados y cada vez que vaya a utilizar el servicio aparecer\u00e1 como un nuevo usuario al que se le solicitar\u00e1 autorizaci\u00f3n para el uso de cookies.<\/p>\n<p>A continuaci\u00f3n, ofrecemos enlaces donde el usuario encontrar\u00e1 informaci\u00f3n sobre c\u00f3mo desactivar las cookies y similares en los principales navegadores:<\/p>\n<div><span class=\"s5\">- <\/span><a href=\"https:\/\/support.google.com\/chrome\/bin\/answer.py?hl=es&amp;answer=95647\"><span class=\"s4\">Configuraci\u00f3n de cookies para Google Chrome<\/span><\/a><\/div>\n<div><span class=\"s5\">- <\/span><a href=\"https:\/\/support.mozilla.org\/es\/kb\/cookies-informacion-que-los-sitios-web-guardan-en-?redirectlocale=en-US&amp;redirectslug=Cookies\"><span class=\"s4\">Configuraci\u00f3n de cookies para Mozilla Firefox<\/span><\/a><\/div>\n<div><span class=\"s5\">- <\/span><a href=\"https:\/\/support.microsoft.com\/es-es\/help\/278835\/how-to-delete-cookie-files-in-internet-explorer\"><span class=\"s4\">Configuraci\u00f3n de cookies para Internet Explorer<\/span><\/a><\/div>\n<div><span class=\"s5\">- <\/span><a href=\"https:\/\/support.apple.com\/kb\/HT1677?viewlocale=es_ES\"><span class=\"s4\">Configuraci\u00f3n de cookies para Safari<\/span><\/a><\/div>\n<p><span class=\"s2\">\u00bfC\u00f3mo afecta el uso de cookies a la protecci\u00f3n de los datos personales del usuario?<\/span><\/p>\n<p>La mayor\u00eda de las cookies recogen informaci\u00f3n an\u00f3nima, que no permite obtener la identidad del usuario, si bien algunos de los c\u00f3digos incluidos sirven para singularizar o individualizar el navegador del dispositivo utilizado, pudiendo ser de aplicaci\u00f3n la normativa sobre protecci\u00f3n de datos. personales. Por ello, le informamos que la informaci\u00f3n obtenida a trav\u00e9s de las cookies ser\u00e1 tratada con las finalidades indicadas en la presente Pol\u00edtica de Cookies. Asimismo, esta informaci\u00f3n tambi\u00e9n ser\u00e1 tratada por aquellas empresas que proporcionen cookies con las finalidades indicadas en sus respectivas pol\u00edticas de privacidad.<\/p>\n<p>No obstante, teniendo en cuenta que estos c\u00f3digos no permiten la identificaci\u00f3n del Usuario, no le ser\u00e1n de aplicaci\u00f3n los derechos de acceso, rectificaci\u00f3n, supresi\u00f3n, oposici\u00f3n, limitaci\u00f3n o portabilidad reconocidos en la normativa de protecci\u00f3n de datos, salvo que el Usuario sea capaz de aportar informaci\u00f3n adicional que permita relacionar su identidad con los c\u00f3digos identificativos de sus cookies.<\/p>\n<p>Si considera vulnerado su derecho a la protecci\u00f3n de datos, el usuario puede presentar una reclamaci\u00f3n ante la Agencia Espa\u00f1ola de Protecci\u00f3n de Datos (<span class=\"s4\">www.aepd.es <\/span>).<\/p>\n<p><span class=\"s2\">M\u00e1s informaci\u00f3n<\/span><\/p>\n<p>El usuario puede plantear cualquier duda relacionada con el uso de cookies que no quede respondida en la presente Pol\u00edtica de Cookies a trav\u00e9s del correo electr\u00f3nico gdpr@rentsody.com.<\/p>\n<p><\/p>\t\t\t\t\t\t<\/div>\n\t\t\t\t<\/div>\n\t\t\t\t\t<\/div>\n\t\t<\/div>\n\t\t\t\t\t<\/div>\n\t\t<\/section>\n\t\t\t\t<\/div>","protected":false},"excerpt":{"rendered":"<p>1. INFORMACI\u00d3N GENERAL A continuaci\u00f3n se ofrece al Usuario informaci\u00f3n general sobre qu\u00e9 son las cookies y qu\u00e9 tipos de cookies existen. \u00bfQu\u00e9 son las cookies? Las cookies y otros dispositivos similares, como p\u00edxeles, web bugs, etc. Son archivos de texto o imagen que se instalan en el navegador del usuario cuando accede a un servicio en l\u00ednea. Las cookies permiten, [...]<\/p>","protected":false},"author":1,"featured_media":0,"parent":0,"menu_order":0,"comment_status":"closed","ping_status":"closed","template":"","meta":{"footnotes":""},"class_list":["post-4467","page","type-page","status-publish","hentry"],"_links":{"self":[{"href":"https:\/\/rentsody.es\/es\/wp-json\/wp\/v2\/pages\/4467","targetHints":{"allow":["GET"]}}],"collection":[{"href":"https:\/\/rentsody.es\/es\/wp-json\/wp\/v2\/pages"}],"about":[{"href":"https:\/\/rentsody.es\/es\/wp-json\/wp\/v2\/types\/page"}],"author":[{"embeddable":true,"href":"https:\/\/rentsody.es\/es\/wp-json\/wp\/v2\/users\/1"}],"replies":[{"embeddable":true,"href":"https:\/\/rentsody.es\/es\/wp-json\/wp\/v2\/comments?post=4467"}],"version-history":[{"count":4,"href":"https:\/\/rentsody.es\/es\/wp-json\/wp\/v2\/pages\/4467\/revisions"}],"predecessor-version":[{"id":4471,"href":"https:\/\/rentsody.es\/es\/wp-json\/wp\/v2\/pages\/4467\/revisions\/4471"}],"wp:attachment":[{"href":"https:\/\/rentsody.es\/es\/wp-json\/wp\/v2\/media?parent=4467"}],"curies":[{"name":"wp","href":"https:\/\/api.w.org\/{rel}","templated":true}]}}